{"id":1333,"date":"2021-11-26T14:29:45","date_gmt":"2021-11-26T14:29:45","guid":{"rendered":"https:\/\/fisiolistic.com\/?page_id=1333"},"modified":"2025-05-12T09:40:12","modified_gmt":"2025-05-12T09:40:12","slug":"blog","status":"publish","type":"page","link":"https:\/\/fisiolistic.com\/en\/blog\/","title":{"rendered":"Blog"},"content":{"rendered":"<p>[et_pb_section fb_built=&#8221;1&#8243; admin_label=&#8221;Hero Section&#8221; _builder_version=&#8221;4.9.0&#8243; background_enable_color=&#8221;off&#8221; use_background_color_gradient=&#8221;on&#8221; background_color_gradient_start=&#8221;#018379&#8243; background_color_gradient_end=&#8221;#018379&#8243; background_color_gradient_direction=&#8221;72deg&#8221; background_color_gradient_end_position=&#8221;62%&#8221; background_image=&#8221;https:\/\/fisiolistic.com\/wp-content\/uploads\/2021\/08\/05.electroterapia.jpg&#8221; background_blend=&#8221;multiply&#8221; custom_padding=&#8221;60px|0px|60px|0px&#8221;][et_pb_row _builder_version=&#8221;3.25&#8243; background_size=&#8221;initial&#8221; background_position=&#8221;top_left&#8221; background_repeat=&#8221;repeat&#8221;][et_pb_column type=&#8221;4_4&#8243; _builder_version=&#8221;3.25&#8243; custom_padding=&#8221;|||&#8221; custom_padding__hover=&#8221;|||&#8221;][et_pb_text _builder_version=&#8221;4.9.0&#8243; text_font=&#8221;Poppins||||||||&#8221; text_text_color=&#8221;rgba(255,255,255,0.8)&#8221; text_font_size=&#8221;18px&#8221; text_line_height=&#8221;1.8em&#8221; header_font=&#8221;Poppins|600|||||||&#8221; header_text_color=&#8221;#ffffff&#8221; header_font_size=&#8221;48px&#8221; header_line_height=&#8221;1.4em&#8221; header_3_font=&#8221;Poppins|600|||||||&#8221; header_3_font_size=&#8221;36px&#8221; header_3_line_height=&#8221;1.4em&#8221; background_layout=&#8221;dark&#8221; max_width=&#8221;600px&#8221; module_alignment=&#8221;left&#8221; custom_margin=&#8221;|||&#8221; hover_enabled=&#8221;0&#8243; locked=&#8221;off&#8221; sticky_enabled=&#8221;0&#8243;]<\/p>\n<h1>Blog<\/h1>\n<p>Here you will find the latest news and updates from Fisiolistic<\/p>\n<p>[\/et_pb_text][\/et_pb_column][\/et_pb_row][\/et_pb_section][et_pb_section fb_built=&#8221;1&#8243; admin_label=&#8221;Blog Section&#8221; _builder_version=&#8221;3.22&#8243; background_color=&#8221;#fafbfc&#8221; custom_padding=&#8221;110px|0px|110px|0px&#8221;][et_pb_row _builder_version=&#8221;4.9.0&#8243; _module_preset=&#8221;default&#8221; custom_padding=&#8221;0px|||||&#8221; hover_enabled=&#8221;0&#8243; sticky_enabled=&#8221;0&#8243;][et_pb_column type=&#8221;4_4&#8243; _builder_version=&#8221;4.9.0&#8243; _module_preset=&#8221;default&#8221;][et_pb_blog fullwidth=&#8221;off&#8221; posts_number=&#8221;40&#8243; include_categories=&#8221;all&#8221; show_author=&#8221;off&#8221; show_date=&#8221;off&#8221; show_categories=&#8221;off&#8221; _builder_version=&#8221;4.9.0&#8243; _module_preset=&#8221;default&#8221; hover_enabled=&#8221;0&#8243; sticky_enabled=&#8221;0&#8243;][\/et_pb_blog][\/et_pb_column][\/et_pb_row][\/et_pb_section][et_pb_section fb_built=&#8221;1&#8243; admin_label=&#8221;Join Now Call to Action&#8221; _builder_version=&#8221;4.9.0&#8243; background_color=&#8221;#008479&#8243; background_color_gradient_direction=&#8221;221deg&#8221; background_enable_image=&#8221;off&#8221; background_blend=&#8221;multiply&#8221; custom_margin=&#8221;|||&#8221; custom_padding=&#8221;120px|0px|110px|0px||&#8221;][et_pb_row column_structure=&#8221;2_3,1_3&#8243; admin_label=&#8221;Call to Action&#8221; _builder_version=&#8221;3.25&#8243;][et_pb_column type=&#8221;2_3&#8243; _builder_version=&#8221;3.25&#8243; custom_padding=&#8221;|||&#8221; custom_padding__hover=&#8221;|||&#8221;][et_pb_text _builder_version=&#8221;4.9.0&#8243; text_font=&#8221;Poppins||||||||&#8221; text_text_color=&#8221;#FFFFFF&#8221; text_font_size=&#8221;18px&#8221; text_line_height=&#8221;1.8em&#8221; header_font=&#8221;||||||||&#8221; header_text_color=&#8221;#FFFFFF&#8221; header_font_size=&#8221;24px&#8221; header_3_font=&#8221;Poppins|600|||||||&#8221; header_3_text_color=&#8221;#FFFFFF&#8221; header_3_font_size=&#8221;36px&#8221; header_3_line_height=&#8221;1.4em&#8221; background_layout=&#8221;dark&#8221; custom_margin=&#8221;|||&#8221; hover_enabled=&#8221;0&#8243; sticky_enabled=&#8221;0&#8243;]<\/p>\n<h3>Are you interested?<\/h3>\n<p>Our hours are from Monday to Friday (not holidays) from 09:00 a.m. to 1:00 p.m. and from 4:00 p.m. to 8:00 p.m.<\/p>\n<p>[\/et_pb_text][\/et_pb_column][et_pb_column type=&#8221;1_3&#8243; _builder_version=&#8221;3.25&#8243; custom_padding=&#8221;|||&#8221; custom_padding__hover=&#8221;|||&#8221;][et_pb_button button_url=&#8221;@ET-DC@eyJkeW5hbWljIjp0cnVlLCJjb250ZW50IjoicG9zdF9saW5rX3VybF9wYWdlIiwic2V0dGluZ3MiOnsicG9zdF9pZCI6IjExMCJ9fQ==@&#8221; button_text=&#8221;BOOK APPOINTMENT&#8221; _builder_version=&#8221;4.9.0&#8243; _dynamic_attributes=&#8221;button_url&#8221; custom_button=&#8221;on&#8221; button_text_size=&#8221;14px&#8221; button_text_color=&#8221;#008479&#8243; button_bg_color=&#8221;#FFFFFF&#8221; button_border_width=&#8221;0px&#8221; button_border_radius=&#8221;100px&#8221; button_font=&#8221;Poppins|600||on|||||&#8221; background_layout=&#8221;dark&#8221; custom_margin=&#8221;3vw||||false|false&#8221; custom_padding=&#8221;12px|36px|12px|36px&#8221; hover_enabled=&#8221;0&#8243; box_shadow_style=&#8221;preset1&#8243; box_shadow_blur=&#8221;16px&#8221; box_shadow_color=&#8221;rgba(0,0,0,0.16)&#8221; button_letter_spacing_hover=&#8221;0&#8243; locked=&#8221;off&#8221; button_text_size__hover_enabled=&#8221;off&#8221; button_one_text_size__hover_enabled=&#8221;off&#8221; button_two_text_size__hover_enabled=&#8221;off&#8221; button_text_color__hover_enabled=&#8221;off&#8221; button_one_text_color__hover_enabled=&#8221;off&#8221; button_two_text_color__hover_enabled=&#8221;off&#8221; button_border_width__hover_enabled=&#8221;off&#8221; button_one_border_width__hover_enabled=&#8221;off&#8221; button_two_border_width__hover_enabled=&#8221;off&#8221; button_border_color__hover_enabled=&#8221;off&#8221; button_one_border_color__hover_enabled=&#8221;off&#8221; button_two_border_color__hover_enabled=&#8221;off&#8221; button_border_radius__hover_enabled=&#8221;off&#8221; button_one_border_radius__hover_enabled=&#8221;off&#8221; button_two_border_radius__hover_enabled=&#8221;off&#8221; button_letter_spacing__hover_enabled=&#8221;on&#8221; button_letter_spacing__hover=&#8221;0&#8243; button_one_letter_spacing__hover_enabled=&#8221;off&#8221; button_two_letter_spacing__hover_enabled=&#8221;off&#8221; button_bg_color__hover_enabled=&#8221;off&#8221; button_one_bg_color__hover_enabled=&#8221;off&#8221; button_two_bg_color__hover_enabled=&#8221;off&#8221; sticky_enabled=&#8221;0&#8243;][\/et_pb_button][\/et_pb_column][\/et_pb_row][\/et_pb_section]<\/p>\n","protected":false},"excerpt":{"rendered":"<p>Blog Here you will find the latest news and updates from FisiolisticAre you interested? Our hours are from Monday to Friday (not holidays) from 09:00 a.m. to 1:00 p.m. and from 4:00 p.m. to 8:00 p.m.<\/p>\n","protected":false},"author":1,"featured_media":0,"parent":0,"menu_order":0,"comment_status":"closed","ping_status":"closed","template":"","meta":{"_et_pb_use_builder":"on","_et_pb_old_content":"[et_pb_section fb_built=\"1\" admin_label=\"Hero Section\" _builder_version=\"4.9.0\" background_enable_color=\"off\" use_background_color_gradient=\"on\" background_color_gradient_start=\"#018379\" background_color_gradient_end=\"#018379\" background_color_gradient_direction=\"72deg\" background_color_gradient_end_position=\"62%\" background_image=\"https:\/\/fisiolistic.com\/wp-content\/uploads\/2021\/08\/05.electroterapia.jpg\" background_blend=\"multiply\" custom_padding=\"60px|0px|60px|0px\" hover_enabled=\"0\" title_text=\"05.electroterapia\" sticky_enabled=\"0\"][et_pb_row _builder_version=\"3.25\" background_size=\"initial\" background_position=\"top_left\" background_repeat=\"repeat\"][et_pb_column type=\"4_4\" _builder_version=\"3.25\" custom_padding=\"|||\" custom_padding__hover=\"|||\"][et_pb_text _builder_version=\"4.9.0\" text_font=\"Poppins||||||||\" text_text_color=\"rgba(255,255,255,0.8)\" text_font_size=\"18px\" text_line_height=\"1.8em\" header_font=\"Poppins|600|||||||\" header_text_color=\"#ffffff\" header_font_size=\"48px\" header_line_height=\"1.4em\" header_3_font=\"Poppins|600|||||||\" header_3_font_size=\"36px\" header_3_line_height=\"1.4em\" background_layout=\"dark\" max_width=\"600px\" module_alignment=\"left\" custom_margin=\"|||\" hover_enabled=\"0\" locked=\"off\" sticky_enabled=\"0\"]\n<h1>Blog<\/h1>\nAqu\u00ed encontrar\u00e1s las \u00faltimas noticias y novedades de Fisiolistic\n\n[\/et_pb_text][\/et_pb_column][\/et_pb_row][\/et_pb_section][et_pb_section fb_built=\"1\" admin_label=\"Blog Section\" _builder_version=\"3.22\" background_color=\"#fafbfc\" custom_padding=\"110px|0px|110px|0px\"][et_pb_row _builder_version=\"4.9.0\" _module_preset=\"default\" custom_padding=\"0px|||||\"][et_pb_column type=\"4_4\" _builder_version=\"4.9.0\" _module_preset=\"default\"][et_pb_blog _builder_version=\"4.9.0\" _module_preset=\"default\" include_categories=\"all\" posts_number=\"40\" show_date=\"off\" show_categories=\"off\" show_author=\"off\" fullwidth=\"off\" hover_enabled=\"0\" sticky_enabled=\"0\"][\/et_pb_blog][\/et_pb_column][\/et_pb_row][\/et_pb_section][et_pb_section fb_built=\"1\" admin_label=\"Join Now Call to Action\" _builder_version=\"4.9.0\" background_color=\"#008479\" background_color_gradient_direction=\"221deg\" background_enable_image=\"off\" background_blend=\"multiply\" custom_margin=\"|||\" custom_padding=\"120px|0px|110px|0px||\"][et_pb_row column_structure=\"2_3,1_3\" admin_label=\"Call to Action\" _builder_version=\"3.25\"][et_pb_column type=\"2_3\" _builder_version=\"3.25\" custom_padding=\"|||\" custom_padding__hover=\"|||\"][et_pb_text _builder_version=\"4.9.0\" text_font=\"Poppins||||||||\" text_text_color=\"#FFFFFF\" text_font_size=\"18px\" text_line_height=\"1.8em\" header_font=\"||||||||\" header_text_color=\"#FFFFFF\" header_font_size=\"24px\" header_3_font=\"Poppins|600|||||||\" header_3_text_color=\"#FFFFFF\" header_3_font_size=\"36px\" header_3_line_height=\"1.4em\" background_layout=\"dark\" custom_margin=\"|||\"]\n<h3>\u00bfEst\u00e1s interesad@?<\/h3>\nNuestro horario es de Lunes a Viernes (no festivos) de 09:00h a 13:00h y de 16:00h a 20:00h.\n\n[\/et_pb_text][\/et_pb_column][et_pb_column type=\"1_3\" _builder_version=\"3.25\" custom_padding=\"|||\" custom_padding__hover=\"|||\"][et_pb_button button_url=\"@ET-DC@eyJkeW5hbWljIjp0cnVlLCJjb250ZW50IjoicG9zdF9saW5rX3VybF9wYWdlIiwic2V0dGluZ3MiOnsicG9zdF9pZCI6IjExMCJ9fQ==@\" button_text=\"RESERVAR CITA\" _builder_version=\"4.9.0\" _dynamic_attributes=\"button_url\" custom_button=\"on\" button_text_size=\"14px\" button_text_color=\"#008479\" button_bg_color=\"#FFFFFF\" button_border_width=\"0px\" button_border_radius=\"100px\" button_font=\"Poppins|600||on|||||\" background_layout=\"dark\" custom_margin=\"3vw||||false|false\" custom_padding=\"12px|36px|12px|36px\" box_shadow_style=\"preset1\" box_shadow_blur=\"16px\" box_shadow_color=\"rgba(0,0,0,0.16)\" button_letter_spacing_hover=\"0\" locked=\"off\" button_text_size__hover_enabled=\"off\" button_one_text_size__hover_enabled=\"off\" button_two_text_size__hover_enabled=\"off\" button_text_color__hover_enabled=\"off\" button_one_text_color__hover_enabled=\"off\" button_two_text_color__hover_enabled=\"off\" button_border_width__hover_enabled=\"off\" button_one_border_width__hover_enabled=\"off\" button_two_border_width__hover_enabled=\"off\" button_border_color__hover_enabled=\"off\" button_one_border_color__hover_enabled=\"off\" button_two_border_color__hover_enabled=\"off\" button_border_radius__hover_enabled=\"off\" button_one_border_radius__hover_enabled=\"off\" button_two_border_radius__hover_enabled=\"off\" button_letter_spacing__hover_enabled=\"on\" button_letter_spacing__hover=\"0\" button_one_letter_spacing__hover_enabled=\"off\" button_two_letter_spacing__hover_enabled=\"off\" button_bg_color__hover_enabled=\"off\" button_one_bg_color__hover_enabled=\"off\" button_two_bg_color__hover_enabled=\"off\"][\/et_pb_button][\/et_pb_column][\/et_pb_row][\/et_pb_section]","_et_gb_content_width":"","footnotes":""},"class_list":["post-1333","page","type-page","status-publish","hentry"],"aioseo_notices":[],"_links":{"self":[{"href":"https:\/\/fisiolistic.com\/en\/wp-json\/wp\/v2\/pages\/1333","targetHints":{"allow":["GET"]}}],"collection":[{"href":"https:\/\/fisiolistic.com\/en\/wp-json\/wp\/v2\/pages"}],"about":[{"href":"https:\/\/fisiolistic.com\/en\/wp-json\/wp\/v2\/types\/page"}],"author":[{"embeddable":true,"href":"https:\/\/fisiolistic.com\/en\/wp-json\/wp\/v2\/users\/1"}],"replies":[{"embeddable":true,"href":"https:\/\/fisiolistic.com\/en\/wp-json\/wp\/v2\/comments?post=1333"}],"version-history":[{"count":7,"href":"https:\/\/fisiolistic.com\/en\/wp-json\/wp\/v2\/pages\/1333\/revisions"}],"predecessor-version":[{"id":1822,"href":"https:\/\/fisiolistic.com\/en\/wp-json\/wp\/v2\/pages\/1333\/revisions\/1822"}],"wp:attachment":[{"href":"https:\/\/fisiolistic.com\/en\/wp-json\/wp\/v2\/media?parent=1333"}],"curies":[{"name":"wp","href":"https:\/\/api.w.org\/{rel}","templated":true}]}}