{"id":1299,"date":"2021-11-26T14:31:52","date_gmt":"2021-11-26T14:31:52","guid":{"rendered":"https:\/\/fisiolistic.com\/?page_id=1299"},"modified":"2025-05-12T10:10:46","modified_gmt":"2025-05-12T10:10:46","slug":"postural-and-vestibular-re-education","status":"publish","type":"page","link":"https:\/\/fisiolistic.com\/en\/postural-and-vestibular-re-education\/","title":{"rendered":"Postural and vestibular re-education"},"content":{"rendered":"<p>[et_pb_section fb_built=&#8221;1&#8243; admin_label=&#8221;About Us Section&#8221; _builder_version=&#8221;4.15&#8243; custom_padding=&#8221;80px|0px|110px|0px||&#8221; global_colors_info=&#8221;{}&#8221;][et_pb_row column_structure=&#8221;1_2,1_4,1_4&#8243; admin_label=&#8221;Row&#8221; _builder_version=&#8221;4.15&#8243; custom_padding=&#8221;|||&#8221; global_colors_info=&#8221;{}&#8221;][et_pb_column type=&#8221;1_2&#8243; _builder_version=&#8221;4.15&#8243; custom_padding=&#8221;|||&#8221; global_colors_info=&#8221;{}&#8221; custom_padding__hover=&#8221;|||&#8221;][et_pb_text _builder_version=&#8221;4.15.1&#8243; text_font=&#8221;|||on|||||&#8221; header_font=&#8221;||||||||&#8221; header_2_font=&#8221;Poppins|500||on|||||&#8221; header_2_text_color=&#8221;rgba(0,0,0,0.2)&#8221; header_2_font_size=&#8221;16px&#8221; header_2_letter_spacing=&#8221;1px&#8221; header_2_line_height=&#8221;1.3em&#8221; custom_margin=&#8221;||20px|&#8221; hover_enabled=&#8221;0&#8243; saved_tabs=&#8221;all&#8221; locked=&#8221;off&#8221; global_colors_info=&#8221;{}&#8221; text_font_size=&#8221;16px&#8221; text_text_color=&#8221;rgba(0,0,0,0.2)&#8221; sticky_enabled=&#8221;0&#8243;]<\/p>\n<p>Services<\/p>\n<p>[\/et_pb_text][et_pb_text _builder_version=&#8221;4.15.1&#8243; text_font=&#8221;||||||||&#8221; header_font=&#8221;Poppins|600|||||||&#8221; header_text_color=&#8221;#008479&#8243; header_font_size=&#8221;36px&#8221; header_line_height=&#8221;1.4em&#8221; header_3_font=&#8221;Poppins|600|||||||&#8221; header_3_text_color=&#8221;#008479&#8243; header_3_font_size=&#8221;36px&#8221; header_3_line_height=&#8221;1.4em&#8221; hover_enabled=&#8221;0&#8243; global_colors_info=&#8221;{}&#8221; sticky_enabled=&#8221;0&#8243;]<\/p>\n<h1>Postural and vestibular re-education<\/h1>\n<p>[\/et_pb_text][\/et_pb_column][et_pb_column type=&#8221;1_4&#8243; _builder_version=&#8221;4.15&#8243; custom_padding=&#8221;|||&#8221; global_colors_info=&#8221;{}&#8221; custom_padding__hover=&#8221;|||&#8221;][et_pb_text _builder_version=&#8221;4.15&#8243; _module_preset=&#8221;default&#8221; text_font_size=&#8221;12px&#8221; header_2_font=&#8221;|600|||||||&#8221; header_2_font_size=&#8221;14px&#8221; header_3_font=&#8221;|600|||||||&#8221; header_3_text_align=&#8221;center&#8221; header_3_text_color=&#8221;#008479&#8243; header_3_font_size=&#8221;26px&#8221; header_3_line_height=&#8221;1.4em&#8221; text_orientation=&#8221;center&#8221; custom_margin=&#8221;||||false|false&#8221; custom_padding=&#8221;10px|10px|0px|10px|false|true&#8221; border_radii=&#8221;on|20px|20px|20px|20px&#8221; border_width_all=&#8221;2px&#8221; border_color_all=&#8221;#008479&#8243; global_colors_info=&#8221;{}&#8221;]<\/p>\n<h2>Long Session (50-60 min)<\/h2>\n<h3>40 \u20ac*<\/h3>\n<p>[\/et_pb_text][\/et_pb_column][et_pb_column type=&#8221;1_4&#8243; _builder_version=&#8221;4.15&#8243; custom_padding=&#8221;|||&#8221; global_colors_info=&#8221;{}&#8221; custom_padding__hover=&#8221;|||&#8221;][et_pb_text _builder_version=&#8221;4.15&#8243; _module_preset=&#8221;default&#8221; header_2_font=&#8221;|600|||||||&#8221; header_2_font_size=&#8221;14px&#8221; header_3_font=&#8221;|600|||||||&#8221; header_3_text_align=&#8221;center&#8221; header_3_text_color=&#8221;#008479&#8243; header_3_font_size=&#8221;26px&#8221; header_3_line_height=&#8221;1.4em&#8221; text_orientation=&#8221;center&#8221; custom_margin=&#8221;||||false|false&#8221; custom_padding=&#8221;10px|10px|0px|10px|false|true&#8221; border_radii=&#8221;on|20px|20px|20px|20px&#8221; border_width_all=&#8221;2px&#8221; border_color_all=&#8221;#008479&#8243; global_colors_info=&#8221;{}&#8221;]<\/p>\n<h2>Short Session (25-30 min)<\/h2>\n<h3>20 \u20ac<\/h3>\n<p>[\/et_pb_text][\/et_pb_column][\/et_pb_row][et_pb_row column_structure=&#8221;1_2,1_2&#8243; admin_label=&#8221;Row&#8221; _builder_version=&#8221;4.15&#8243; custom_padding=&#8221;|||&#8221; global_colors_info=&#8221;{}&#8221;][et_pb_column type=&#8221;1_2&#8243; _builder_version=&#8221;4.15&#8243; custom_padding=&#8221;|||&#8221; global_colors_info=&#8221;{}&#8221; custom_padding__hover=&#8221;|||&#8221;][et_pb_text _builder_version=&#8221;4.15&#8243; text_font=&#8221;Open Sans||||||||&#8221; text_text_color=&#8221;#486066&#8243; text_font_size=&#8221;15px&#8221; text_line_height=&#8221;1.8em&#8221; header_font=&#8221;||||||||&#8221; global_colors_info=&#8221;{}&#8221;]<\/p>\n<p>The balance of the body occurs thanks to the vestibular, visual and proprioceptive system. When one of these systems fails, we can not only have problems with stability and dizziness, but also pain and chronic contractures.<\/p>\n<p>So, a physiotherapeutic treatment of vestibule-ocular and postural exercises, together with other professionals such as the optometrist and podiatrist, can help a multitude of problems.\u00a0<\/p>\n<p>[\/et_pb_text][\/et_pb_column][et_pb_column type=&#8221;1_2&#8243; _builder_version=&#8221;4.15&#8243; custom_padding=&#8221;|||&#8221; global_colors_info=&#8221;{}&#8221; custom_padding__hover=&#8221;|||&#8221;][et_pb_slider _builder_version=&#8221;4.15&#8243; _module_preset=&#8221;default&#8221; background_enable_image=&#8221;off&#8221; auto=&#8221;on&#8221; auto_speed=&#8221;4500&#8243; border_radii=&#8221;on|20px|20px|20px|20px&#8221; global_colors_info=&#8221;{}&#8221;][et_pb_slide _builder_version=&#8221;4.15&#8243; _module_preset=&#8221;default&#8221; background_enable_color=&#8221;off&#8221; background_image=&#8221;https:\/\/fisiolistic.com\/wp-content\/uploads\/2021\/08\/DSCF0274.jpeg&#8221; background_enable_image=&#8221;on&#8221; global_colors_info=&#8221;{}&#8221; sticky_transition=&#8221;on&#8221;]&nbsp;<\/p>\n<p>&nbsp;<\/p>\n<p>&nbsp;[\/et_pb_slide][et_pb_slide _builder_version=&#8221;4.15&#8243; _module_preset=&#8221;default&#8221; background_enable_color=&#8221;off&#8221; background_image=&#8221;https:\/\/fisiolistic.com\/wp-content\/uploads\/2021\/08\/DSCF0281.jpeg&#8221; background_enable_image=&#8221;on&#8221; global_colors_info=&#8221;{}&#8221; sticky_transition=&#8221;on&#8221;]&nbsp;<\/p>\n<p>&nbsp;<\/p>\n<p>&nbsp;[\/et_pb_slide][et_pb_slide _builder_version=&#8221;4.15&#8243; _module_preset=&#8221;default&#8221; background_enable_color=&#8221;off&#8221; background_image=&#8221;https:\/\/fisiolistic.com\/wp-content\/uploads\/2021\/08\/DSCF0285.jpeg&#8221; background_enable_image=&#8221;on&#8221; global_colors_info=&#8221;{}&#8221; sticky_transition=&#8221;on&#8221;]&nbsp;<\/p>\n<p>&nbsp;<\/p>\n<p>&nbsp;[\/et_pb_slide][et_pb_slide _builder_version=&#8221;4.15&#8243; _module_preset=&#8221;default&#8221; background_enable_color=&#8221;off&#8221; background_image=&#8221;https:\/\/fisiolistic.com\/wp-content\/uploads\/2021\/08\/DSCF0301.jpeg&#8221; background_enable_image=&#8221;on&#8221; global_colors_info=&#8221;{}&#8221; sticky_transition=&#8221;on&#8221;]&nbsp;<\/p>\n<p>&nbsp;<\/p>\n<p>&nbsp;[\/et_pb_slide][\/et_pb_slider][\/et_pb_column][\/et_pb_row][et_pb_row admin_label=&#8221;Row&#8221; _builder_version=&#8221;4.15&#8243; custom_padding=&#8221;0px||||false|false&#8221; global_colors_info=&#8221;{}&#8221;][et_pb_column type=&#8221;4_4&#8243; _builder_version=&#8221;4.15&#8243; custom_padding=&#8221;|||&#8221; global_colors_info=&#8221;{}&#8221; custom_padding__hover=&#8221;|||&#8221;][et_pb_text _builder_version=&#8221;4.15&#8243; text_font=&#8221;Open Sans||||||||&#8221; text_text_color=&#8221;#486066&#8243; text_font_size=&#8221;15px&#8221; text_line_height=&#8221;1.8em&#8221; header_font=&#8221;||||||||&#8221; custom_margin=&#8221;20px||||false|false&#8221; global_colors_info=&#8221;{}&#8221;]<\/p>\n<p><i>* The 10th session is free. Expires after 6 months.<\/i><\/p>\n<p>[\/et_pb_text][\/et_pb_column][\/et_pb_row][\/et_pb_section][et_pb_section fb_built=&#8221;1&#8243; admin_label=&#8221;Join Now Call to Action&#8221; _builder_version=&#8221;4.15&#8243; background_color=&#8221;#008479&#8243; background_color_gradient_direction=&#8221;221deg&#8221; background_enable_image=&#8221;off&#8221; background_blend=&#8221;multiply&#8221; custom_margin=&#8221;|||&#8221; custom_padding=&#8221;120px|0px|110px|0px||&#8221; global_colors_info=&#8221;{}&#8221;][et_pb_row column_structure=&#8221;2_3,1_3&#8243; admin_label=&#8221;Call to Action&#8221; _builder_version=&#8221;4.15&#8243; global_colors_info=&#8221;{}&#8221;][et_pb_column type=&#8221;2_3&#8243; _builder_version=&#8221;4.15&#8243; custom_padding=&#8221;|||&#8221; global_colors_info=&#8221;{}&#8221; custom_padding__hover=&#8221;|||&#8221;][et_pb_text _builder_version=&#8221;4.15.1&#8243; text_font=&#8221;Poppins||||||||&#8221; text_text_color=&#8221;#FFFFFF&#8221; text_font_size=&#8221;18px&#8221; text_line_height=&#8221;1.8em&#8221; header_font=&#8221;||||||||&#8221; header_text_color=&#8221;#FFFFFF&#8221; header_font_size=&#8221;24px&#8221; header_3_font=&#8221;Poppins|600|||||||&#8221; header_3_text_color=&#8221;#FFFFFF&#8221; header_3_font_size=&#8221;36px&#8221; header_3_line_height=&#8221;1.4em&#8221; background_layout=&#8221;dark&#8221; custom_margin=&#8221;|||&#8221; hover_enabled=&#8221;0&#8243; global_colors_info=&#8221;{}&#8221; header_2_font_size=&#8221;36px&#8221; header_2_font=&#8221;|600|||||||&#8221; sticky_enabled=&#8221;0&#8243;]<\/p>\n<h2>Are you interested?<\/h2>\n<p>Our hours are from Monday to Friday (not holidays) from 09:00 a.m. to 1:00 p.m. and from 4:00 p.m. to 8:00 p.m.<\/p>\n<p>[\/et_pb_text][\/et_pb_column][et_pb_column type=&#8221;1_3&#8243; _builder_version=&#8221;4.15&#8243; custom_padding=&#8221;|||&#8221; global_colors_info=&#8221;{}&#8221; custom_padding__hover=&#8221;|||&#8221;][et_pb_button button_url=&#8221;@ET-DC@eyJkeW5hbWljIjp0cnVlLCJjb250ZW50IjoicG9zdF9saW5rX3VybF9wYWdlIiwic2V0dGluZ3MiOnsicG9zdF9pZCI6IjExMCJ9fQ==@&#8221; button_text=&#8221;BOOK APPOINTMENT&#8221; _builder_version=&#8221;4.9.0&#8243; _dynamic_attributes=&#8221;button_url&#8221; custom_button=&#8221;on&#8221; button_text_size=&#8221;14px&#8221; button_text_color=&#8221;#008479&#8243; button_bg_color=&#8221;#FFFFFF&#8221; button_border_width=&#8221;0px&#8221; button_border_radius=&#8221;100px&#8221; button_font=&#8221;Poppins|600||on|||||&#8221; background_layout=&#8221;dark&#8221; custom_margin=&#8221;3vw||||false|false&#8221; custom_padding=&#8221;12px|36px|12px|36px&#8221; box_shadow_style=&#8221;preset1&#8243; box_shadow_blur=&#8221;16px&#8221; box_shadow_color=&#8221;rgba(0,0,0,0.16)&#8221; button_letter_spacing_hover=&#8221;0&#8243; locked=&#8221;off&#8221; global_colors_info=&#8221;{}&#8221; button_text_size__hover_enabled=&#8221;off&#8221; button_one_text_size__hover_enabled=&#8221;off&#8221; button_two_text_size__hover_enabled=&#8221;off&#8221; button_text_color__hover_enabled=&#8221;off&#8221; button_one_text_color__hover_enabled=&#8221;off&#8221; button_two_text_color__hover_enabled=&#8221;off&#8221; button_border_width__hover_enabled=&#8221;off&#8221; button_one_border_width__hover_enabled=&#8221;off&#8221; button_two_border_width__hover_enabled=&#8221;off&#8221; button_border_color__hover_enabled=&#8221;off&#8221; button_one_border_color__hover_enabled=&#8221;off&#8221; button_two_border_color__hover_enabled=&#8221;off&#8221; button_border_radius__hover_enabled=&#8221;off&#8221; button_one_border_radius__hover_enabled=&#8221;off&#8221; button_two_border_radius__hover_enabled=&#8221;off&#8221; button_letter_spacing__hover_enabled=&#8221;on&#8221; button_letter_spacing__hover=&#8221;0&#8243; button_one_letter_spacing__hover_enabled=&#8221;off&#8221; button_two_letter_spacing__hover_enabled=&#8221;off&#8221; button_bg_color__hover_enabled=&#8221;off&#8221; button_one_bg_color__hover_enabled=&#8221;off&#8221; button_two_bg_color__hover_enabled=&#8221;off&#8221;][\/et_pb_button][\/et_pb_column][\/et_pb_row][\/et_pb_section]<\/p>\n","protected":false},"excerpt":{"rendered":"<p>ServicesPostural and vestibular re-educationLong Session (50-60 min) 40 \u20ac*Short Session (25-30 min) 20 \u20acThe balance of the body occurs thanks to the vestibular, visual and proprioceptive system. When one of these systems fails, we can not only have problems with stability and dizziness, but also pain and chronic contractures. So, a physiotherapeutic treatment of vestibule-ocular [&hellip;]<\/p>\n","protected":false},"author":1,"featured_media":0,"parent":0,"menu_order":0,"comment_status":"closed","ping_status":"closed","template":"","meta":{"_et_pb_use_builder":"on","_et_pb_old_content":"[et_pb_section fb_built=\"1\" admin_label=\"About Us Section\" _builder_version=\"3.22\" custom_padding=\"80px|0px|110px|0px||\"][et_pb_row column_structure=\"1_2,1_4,1_4\" admin_label=\"Row\" _builder_version=\"3.25\" custom_padding=\"|||\"][et_pb_column type=\"1_2\" _builder_version=\"3.25\" custom_padding=\"|||\" custom_padding__hover=\"|||\"][et_pb_text _builder_version=\"4.9.0\" text_font=\"||||||||\" header_font=\"||||||||\" header_2_font=\"Poppins|500||on|||||\" header_2_text_color=\"rgba(0,0,0,0.2)\" header_2_font_size=\"16px\" header_2_letter_spacing=\"1px\" header_2_line_height=\"1.3em\" custom_margin=\"||20px|\" saved_tabs=\"all\" locked=\"off\"]\n<h2>Servicios<\/h2>\n[\/et_pb_text][et_pb_text _builder_version=\"4.9.0\" text_font=\"||||||||\" header_font=\"Poppins|600|||||||\" header_text_color=\"#008479\" header_font_size=\"36px\" header_line_height=\"1.4em\" header_3_font=\"Poppins|600|||||||\" header_3_text_color=\"#008479\" header_3_font_size=\"36px\" header_3_line_height=\"1.4em\"]\n<h1>Reeducaci\u00f3n postural y vestibular<\/h1>\n[\/et_pb_text][\/et_pb_column][et_pb_column type=\"1_4\" _builder_version=\"3.25\" custom_padding=\"|||\" custom_padding__hover=\"|||\"][et_pb_text _builder_version=\"4.9.0\" _module_preset=\"default\" text_font_size=\"12px\" header_2_font=\"|600|||||||\" header_2_font_size=\"14px\" header_3_font=\"|600|||||||\" header_3_text_align=\"center\" header_3_text_color=\"#008479\" header_3_font_size=\"26px\" header_3_line_height=\"1.4em\" text_orientation=\"center\" custom_margin=\"||||false|false\" custom_padding=\"10px|10px|0px|10px|false|true\" border_radii=\"on|20px|20px|20px|20px\" border_width_all=\"2px\" border_color_all=\"#008479\" global_module=\"864\"]\n<h2>Sesi\u00f3n Larga (50-60 min)<\/h2>\n<h3>40 \u20ac*<\/h3>\n[\/et_pb_text][\/et_pb_column][et_pb_column type=\"1_4\" _builder_version=\"3.25\" custom_padding=\"|||\" custom_padding__hover=\"|||\"][et_pb_text _builder_version=\"4.9.0\" _module_preset=\"default\" header_2_font=\"|600|||||||\" header_2_font_size=\"14px\" header_3_font=\"|600|||||||\" header_3_text_align=\"center\" header_3_text_color=\"#008479\" header_3_font_size=\"26px\" header_3_line_height=\"1.4em\" text_orientation=\"center\" custom_margin=\"||||false|false\" custom_padding=\"10px|10px|0px|10px|false|true\" border_radii=\"on|20px|20px|20px|20px\" border_width_all=\"2px\" border_color_all=\"#008479\" global_module=\"865\"]\n<h2>Sesi\u00f3n Corta (25-30 min)<\/h2>\n<h3>20 \u20ac<\/h3>\n[\/et_pb_text][\/et_pb_column][\/et_pb_row][et_pb_row column_structure=\"1_2,1_2\" admin_label=\"Row\" _builder_version=\"3.25\" custom_padding=\"|||\"][et_pb_column type=\"1_2\" _builder_version=\"3.25\" custom_padding=\"|||\" custom_padding__hover=\"|||\"][et_pb_text _builder_version=\"4.9.0\" text_font=\"Open Sans||||||||\" text_text_color=\"#486066\" text_font_size=\"15px\" text_line_height=\"1.8em\" header_font=\"||||||||\"]\n\nEl equilibrio del cuerpo se da gracias al sistema vestibular, visual y propioceptivo. Cuando uno de estos sistemas falla, no s\u00f3lo podemos tener problemas en la estabilidad y v\u00e9rtigos, sin\u00f3 que tambi\u00e9n dolores por contracturas cr\u00f3nicas.\n\nAs\u00ed que, un tratamiento fisioterap\u00e9utico de ejercicios vest\u00edbulo-oculares y posturales, junto con otros profesionales como el optometrista y el pod\u00f3logo, puede ayudar a multitud de problemas.\n\n[\/et_pb_text][\/et_pb_column][et_pb_column type=\"1_2\" _builder_version=\"3.25\" custom_padding=\"|||\" custom_padding__hover=\"|||\"][et_pb_slider _builder_version=\"4.9.0\" _module_preset=\"default\" background_enable_image=\"off\" auto=\"on\" auto_speed=\"4500\" hover_enabled=\"0\" border_radii=\"on|20px|20px|20px|20px\" sticky_enabled=\"0\"][et_pb_slide _builder_version=\"4.9.0\" _module_preset=\"default\" background_enable_color=\"off\" background_image=\"https:\/\/fisiolistic.com\/wp-content\/uploads\/2021\/08\/DSCF0274.jpeg\" background_enable_image=\"on\" hover_enabled=\"0\" sticky_transition=\"on\" title_text=\"DSCF0274\" sticky_enabled=\"0\"]\n\n&nbsp;\n\n&nbsp;\n\n&nbsp;\n\n[\/et_pb_slide][et_pb_slide _builder_version=\"4.9.0\" _module_preset=\"default\" background_enable_color=\"off\" background_image=\"https:\/\/fisiolistic.com\/wp-content\/uploads\/2021\/08\/DSCF0281.jpeg\" background_enable_image=\"on\" hover_enabled=\"0\" sticky_transition=\"on\" title_text=\"DSCF0281\" sticky_enabled=\"0\"]\n\n&nbsp;\n\n&nbsp;\n\n&nbsp;\n\n[\/et_pb_slide][et_pb_slide _builder_version=\"4.9.0\" _module_preset=\"default\" background_enable_color=\"off\" background_image=\"https:\/\/fisiolistic.com\/wp-content\/uploads\/2021\/08\/DSCF0285.jpeg\" background_enable_image=\"on\" hover_enabled=\"0\" sticky_transition=\"on\" title_text=\"DSCF0285\" sticky_enabled=\"0\"]\n\n&nbsp;\n\n&nbsp;\n\n&nbsp;\n\n[\/et_pb_slide][et_pb_slide _builder_version=\"4.9.0\" _module_preset=\"default\" background_enable_color=\"off\" background_image=\"https:\/\/fisiolistic.com\/wp-content\/uploads\/2021\/08\/DSCF0301.jpeg\" background_enable_image=\"on\" hover_enabled=\"0\" sticky_transition=\"on\" title_text=\"DSCF0301\" sticky_enabled=\"0\"]\n\n&nbsp;\n\n&nbsp;\n\n&nbsp;\n\n[\/et_pb_slide][\/et_pb_slider][\/et_pb_column][\/et_pb_row][et_pb_row admin_label=\"Row\" _builder_version=\"4.9.0\" custom_padding=\"0px||||false|false\" global_module=\"866\"][et_pb_column type=\"4_4\" _builder_version=\"3.25\" custom_padding=\"|||\" custom_padding__hover=\"|||\"][et_pb_text _builder_version=\"4.9.0\" text_font=\"Open Sans||||||||\" text_text_color=\"#486066\" text_font_size=\"15px\" text_line_height=\"1.8em\" header_font=\"||||||||\" custom_margin=\"20px||||false|false\"]<i>* La 10\u00aa sesi\u00f3n es gratuita. Caduca a los 6 meses.<\/i>[\/et_pb_text][\/et_pb_column][\/et_pb_row][\/et_pb_section][et_pb_section fb_built=\"1\" admin_label=\"Join Now Call to Action\" _builder_version=\"4.9.0\" background_color=\"#008479\" background_color_gradient_direction=\"221deg\" background_enable_image=\"off\" background_blend=\"multiply\" custom_margin=\"|||\" custom_padding=\"120px|0px|110px|0px||\"][et_pb_row column_structure=\"2_3,1_3\" admin_label=\"Call to Action\" _builder_version=\"3.25\"][et_pb_column type=\"2_3\" _builder_version=\"3.25\" custom_padding=\"|||\" custom_padding__hover=\"|||\"][et_pb_text _builder_version=\"4.9.0\" text_font=\"Poppins||||||||\" text_text_color=\"#FFFFFF\" text_font_size=\"18px\" text_line_height=\"1.8em\" header_font=\"||||||||\" header_text_color=\"#FFFFFF\" header_font_size=\"24px\" header_3_font=\"Poppins|600|||||||\" header_3_text_color=\"#FFFFFF\" header_3_font_size=\"36px\" header_3_line_height=\"1.4em\" background_layout=\"dark\" custom_margin=\"|||\"]\n<h3>\u00bfEst\u00e1s interesad@?<\/h3>\nNuestro horario es de Lunes a Viernes (no festivos) de 09:00h a 13:00h y de 16:00h a 20:00h.\n\n[\/et_pb_text][\/et_pb_column][et_pb_column type=\"1_3\" _builder_version=\"3.25\" custom_padding=\"|||\" custom_padding__hover=\"|||\"][et_pb_button button_url=\"@ET-DC@eyJkeW5hbWljIjp0cnVlLCJjb250ZW50IjoicG9zdF9saW5rX3VybF9wYWdlIiwic2V0dGluZ3MiOnsicG9zdF9pZCI6IjExMCJ9fQ==@\" button_text=\"RESERVAR CITA\" _builder_version=\"4.9.0\" _dynamic_attributes=\"button_url\" custom_button=\"on\" button_text_size=\"14px\" button_text_color=\"#008479\" button_bg_color=\"#FFFFFF\" button_border_width=\"0px\" button_border_radius=\"100px\" button_font=\"Poppins|600||on|||||\" background_layout=\"dark\" custom_margin=\"3vw||||false|false\" custom_padding=\"12px|36px|12px|36px\" box_shadow_style=\"preset1\" box_shadow_blur=\"16px\" box_shadow_color=\"rgba(0,0,0,0.16)\" button_letter_spacing_hover=\"0\" locked=\"off\" button_text_size__hover_enabled=\"off\" button_one_text_size__hover_enabled=\"off\" button_two_text_size__hover_enabled=\"off\" button_text_color__hover_enabled=\"off\" button_one_text_color__hover_enabled=\"off\" button_two_text_color__hover_enabled=\"off\" button_border_width__hover_enabled=\"off\" button_one_border_width__hover_enabled=\"off\" button_two_border_width__hover_enabled=\"off\" button_border_color__hover_enabled=\"off\" button_one_border_color__hover_enabled=\"off\" button_two_border_color__hover_enabled=\"off\" button_border_radius__hover_enabled=\"off\" button_one_border_radius__hover_enabled=\"off\" button_two_border_radius__hover_enabled=\"off\" button_letter_spacing__hover_enabled=\"on\" button_letter_spacing__hover=\"0\" button_one_letter_spacing__hover_enabled=\"off\" button_two_letter_spacing__hover_enabled=\"off\" button_bg_color__hover_enabled=\"off\" button_one_bg_color__hover_enabled=\"off\" button_two_bg_color__hover_enabled=\"off\"][\/et_pb_button][\/et_pb_column][\/et_pb_row][\/et_pb_section]","_et_gb_content_width":"","footnotes":""},"class_list":["post-1299","page","type-page","status-publish","hentry"],"aioseo_notices":[],"_links":{"self":[{"href":"https:\/\/fisiolistic.com\/en\/wp-json\/wp\/v2\/pages\/1299","targetHints":{"allow":["GET"]}}],"collection":[{"href":"https:\/\/fisiolistic.com\/en\/wp-json\/wp\/v2\/pages"}],"about":[{"href":"https:\/\/fisiolistic.com\/en\/wp-json\/wp\/v2\/types\/page"}],"author":[{"embeddable":true,"href":"https:\/\/fisiolistic.com\/en\/wp-json\/wp\/v2\/users\/1"}],"replies":[{"embeddable":true,"href":"https:\/\/fisiolistic.com\/en\/wp-json\/wp\/v2\/comments?post=1299"}],"version-history":[{"count":5,"href":"https:\/\/fisiolistic.com\/en\/wp-json\/wp\/v2\/pages\/1299\/revisions"}],"predecessor-version":[{"id":1842,"href":"https:\/\/fisiolistic.com\/en\/wp-json\/wp\/v2\/pages\/1299\/revisions\/1842"}],"wp:attachment":[{"href":"https:\/\/fisiolistic.com\/en\/wp-json\/wp\/v2\/media?parent=1299"}],"curies":[{"name":"wp","href":"https:\/\/api.w.org\/{rel}","templated":true}]}}