{"id":1290,"date":"2021-11-26T14:31:30","date_gmt":"2021-11-26T14:31:30","guid":{"rendered":"https:\/\/fisiolistic.com\/?page_id=1290"},"modified":"2025-05-12T09:56:52","modified_gmt":"2025-05-12T09:56:52","slug":"paediatric-physiotherapy","status":"publish","type":"page","link":"https:\/\/fisiolistic.com\/en\/paediatric-physiotherapy\/","title":{"rendered":"Paediatric Physiotherapy"},"content":{"rendered":"<p>[et_pb_section fb_built=&#8221;1&#8243; admin_label=&#8221;About Us Section&#8221; _builder_version=&#8221;4.15&#8243; custom_margin=&#8221;||110px||false|false&#8221; custom_padding=&#8221;80px|0px|0px|0px|false|false&#8221; global_colors_info=&#8221;{}&#8221;][et_pb_row column_structure=&#8221;1_2,1_4,1_4&#8243; admin_label=&#8221;Row&#8221; _builder_version=&#8221;4.15&#8243; custom_padding=&#8221;|||&#8221; global_colors_info=&#8221;{}&#8221;][et_pb_column type=&#8221;1_2&#8243; _builder_version=&#8221;4.15&#8243; custom_padding=&#8221;|||&#8221; global_colors_info=&#8221;{}&#8221; custom_padding__hover=&#8221;|||&#8221;][et_pb_text _builder_version=&#8221;4.15.1&#8243; text_font=&#8221;|||on|||||&#8221; header_font=&#8221;||||||||&#8221; header_2_font=&#8221;Poppins|500||on|||||&#8221; header_2_text_color=&#8221;rgba(0,0,0,0.2)&#8221; header_2_font_size=&#8221;16px&#8221; header_2_letter_spacing=&#8221;1px&#8221; header_2_line_height=&#8221;1.3em&#8221; custom_margin=&#8221;||20px|&#8221; hover_enabled=&#8221;0&#8243; saved_tabs=&#8221;all&#8221; locked=&#8221;off&#8221; global_colors_info=&#8221;{}&#8221; text_font_size=&#8221;16px&#8221; text_text_color=&#8221;rgba(0,0,0,0.2)&#8221; sticky_enabled=&#8221;0&#8243;]<\/p>\n<p>Services<\/p>\n<p>[\/et_pb_text][et_pb_text _builder_version=&#8221;4.15&#8243; text_font=&#8221;||||||||&#8221; header_font=&#8221;Poppins|600|||||||&#8221; header_text_color=&#8221;#008479&#8243; header_font_size=&#8221;36px&#8221; header_line_height=&#8221;1.4em&#8221; header_3_font=&#8221;Poppins|600|||||||&#8221; header_3_text_color=&#8221;#008479&#8243; header_3_font_size=&#8221;36px&#8221; header_3_line_height=&#8221;1.4em&#8221; global_colors_info=&#8221;{}&#8221;]<\/p>\n<h1>Paediatric Physiotherapy<\/h1>\n<p>[\/et_pb_text][\/et_pb_column][et_pb_column type=&#8221;1_4&#8243; _builder_version=&#8221;4.15&#8243; custom_padding=&#8221;|||&#8221; global_colors_info=&#8221;{}&#8221; custom_padding__hover=&#8221;|||&#8221;][et_pb_text _builder_version=&#8221;4.15&#8243; _module_preset=&#8221;default&#8221; text_font_size=&#8221;12px&#8221; header_2_font=&#8221;|600|||||||&#8221; header_2_font_size=&#8221;14px&#8221; header_3_font=&#8221;|600|||||||&#8221; header_3_text_align=&#8221;center&#8221; header_3_text_color=&#8221;#008479&#8243; header_3_font_size=&#8221;26px&#8221; header_3_line_height=&#8221;1.4em&#8221; text_orientation=&#8221;center&#8221; custom_margin=&#8221;||||false|false&#8221; custom_padding=&#8221;10px|10px|0px|10px|false|true&#8221; border_radii=&#8221;on|20px|20px|20px|20px&#8221; border_width_all=&#8221;2px&#8221; border_color_all=&#8221;#008479&#8243; global_colors_info=&#8221;{}&#8221;]<\/p>\n<h2>Long Session (50-60 min)<\/h2>\n<h3>40 \u20ac*<\/h3>\n<p>[\/et_pb_text][\/et_pb_column][et_pb_column type=&#8221;1_4&#8243; _builder_version=&#8221;4.15&#8243; custom_padding=&#8221;|||&#8221; global_colors_info=&#8221;{}&#8221; custom_padding__hover=&#8221;|||&#8221;][et_pb_text _builder_version=&#8221;4.15&#8243; _module_preset=&#8221;default&#8221; header_2_font=&#8221;|600|||||||&#8221; header_2_font_size=&#8221;14px&#8221; header_3_font=&#8221;|600|||||||&#8221; header_3_text_align=&#8221;center&#8221; header_3_text_color=&#8221;#008479&#8243; header_3_font_size=&#8221;26px&#8221; header_3_line_height=&#8221;1.4em&#8221; text_orientation=&#8221;center&#8221; custom_margin=&#8221;||||false|false&#8221; custom_padding=&#8221;10px|10px|0px|10px|false|true&#8221; border_radii=&#8221;on|20px|20px|20px|20px&#8221; border_width_all=&#8221;2px&#8221; border_color_all=&#8221;#008479&#8243; global_colors_info=&#8221;{}&#8221;]<\/p>\n<h2>Short Session (25-30 min)<\/h2>\n<h3>20 \u20ac<\/h3>\n<p>[\/et_pb_text][\/et_pb_column][\/et_pb_row][et_pb_row column_structure=&#8221;1_2,1_2&#8243; admin_label=&#8221;Row&#8221; _builder_version=&#8221;4.15&#8243; custom_padding=&#8221;|||&#8221; global_colors_info=&#8221;{}&#8221;][et_pb_column type=&#8221;1_2&#8243; _builder_version=&#8221;4.15&#8243; custom_padding=&#8221;|||&#8221; global_colors_info=&#8221;{}&#8221; custom_padding__hover=&#8221;|||&#8221;][et_pb_text _builder_version=&#8221;4.15&#8243; text_font=&#8221;Open Sans||||||||&#8221; text_text_color=&#8221;#486066&#8243; text_font_size=&#8221;15px&#8221; text_line_height=&#8221;1.8em&#8221; header_font=&#8221;||||||||&#8221; global_colors_info=&#8221;{}&#8221;]<\/p>\n<p>Babies and children have specific characteristics and therefore require specific treatment.<\/p>\n<p>Indicated for babies and children affected by pathologies such as:<\/p>\n<p>[\/et_pb_text][et_pb_text _builder_version=&#8221;4.15&#8243; text_font=&#8221;Open Sans||||||||&#8221; text_text_color=&#8221;#486066&#8243; text_font_size=&#8221;15px&#8221; text_line_height=&#8221;1.8em&#8221; header_font=&#8221;||||||||&#8221; global_colors_info=&#8221;{}&#8221;]<\/p>\n<ul>\n<li>Stiff neck.<\/li>\n<li>Muscle shortening.<\/li>\n<li>Psychomotor delays.<\/li>\n<li>Problems in body posture.<\/li>\n<li>Respiratory problems.<\/li>\n<li>Neurological pathologies.<\/li>\n<\/ul>\n<p>[\/et_pb_text][\/et_pb_column][et_pb_column type=&#8221;1_2&#8243; _builder_version=&#8221;4.15&#8243; custom_padding=&#8221;|||&#8221; global_colors_info=&#8221;{}&#8221; custom_padding__hover=&#8221;|||&#8221;][et_pb_image src=&#8221;https:\/\/fisiolistic.com\/wp-content\/uploads\/2021\/09\/sala-pediatri\u0301a.jpg&#8221; title_text=&#8221;sala-pediatri\u0301a&#8221; show_bottom_space=&#8221;off&#8221; align_tablet=&#8221;center&#8221; align_phone=&#8221;&#8221; align_last_edited=&#8221;on|desktop&#8221; _builder_version=&#8221;4.15&#8243; custom_margin=&#8221;||||false|false&#8221; animation_style=&#8221;slide&#8221; animation_direction=&#8221;left&#8221; animation_intensity_slide=&#8221;8%&#8221; border_radii=&#8221;on|20px|20px|20px|20px&#8221; global_colors_info=&#8221;{}&#8221;][\/et_pb_image][\/et_pb_column][\/et_pb_row][et_pb_row column_structure=&#8221;1_2,1_2&#8243; admin_label=&#8221;Row&#8221; _builder_version=&#8221;4.15&#8243; custom_padding=&#8221;|||&#8221; global_colors_info=&#8221;{}&#8221;][et_pb_column type=&#8221;1_2&#8243; _builder_version=&#8221;4.15&#8243; custom_padding=&#8221;|||&#8221; global_colors_info=&#8221;{}&#8221; custom_padding__hover=&#8221;|||&#8221;][et_pb_image src=&#8221;https:\/\/fisiolistic.com\/wp-content\/uploads\/2021\/08\/D.-Fisioterapia-Pedia\u0301trica.jpeg&#8221; title_text=&#8221;D. Fisioterapia Pedia\u0301trica&#8221; show_bottom_space=&#8221;off&#8221; align_tablet=&#8221;center&#8221; align_phone=&#8221;&#8221; align_last_edited=&#8221;on|desktop&#8221; _builder_version=&#8221;4.15&#8243; custom_margin=&#8221;||||false|false&#8221; animation_style=&#8221;slide&#8221; animation_direction=&#8221;left&#8221; animation_intensity_slide=&#8221;8%&#8221; border_radii=&#8221;on|20px|20px|20px|20px&#8221; global_colors_info=&#8221;{}&#8221;][\/et_pb_image][\/et_pb_column][et_pb_column type=&#8221;1_2&#8243; _builder_version=&#8221;4.15&#8243; custom_padding=&#8221;|||&#8221; global_colors_info=&#8221;{}&#8221; custom_padding__hover=&#8221;|||&#8221;][et_pb_text _builder_version=&#8221;4.15&#8243; text_font=&#8221;Open Sans||||||||&#8221; text_text_color=&#8221;#486066&#8243; text_font_size=&#8221;15px&#8221; text_line_height=&#8221;1.8em&#8221; header_font=&#8221;||||||||&#8221; global_colors_info=&#8221;{}&#8221;]<\/p>\n<p>And, babies and children with not so obvious affectations but whose surroundings notice that they sleep poorly, it is difficult for them to eat, they are fatigued&#8230;<\/p>\n<p>Before starting a treatment we will do a clinic checkup:<\/p>\n<p>[\/et_pb_text][et_pb_text _builder_version=&#8221;4.15&#8243; text_font=&#8221;Open Sans||||||||&#8221; text_text_color=&#8221;#486066&#8243; text_font_size=&#8221;15px&#8221; text_line_height=&#8221;1.8em&#8221; header_font=&#8221;||||||||&#8221; global_colors_info=&#8221;{}&#8221;]<\/p>\n<ul>\n<li>Assessment of spontaneous attitude, posture, active mobility, passive mobility, primitive reflexes, fine mobility, and balance.<\/li>\n<li>In cases of respiratory pathologies: oximetry and auscultation.<\/li>\n<li>Anamnesis (medical diagnosis, symptoms, pathological history&#8230;).<\/li>\n<\/ul>\n<p>[\/et_pb_text][\/et_pb_column][\/et_pb_row][et_pb_row column_structure=&#8221;1_2,1_2&#8243; admin_label=&#8221;Row&#8221; _builder_version=&#8221;4.15&#8243; custom_padding=&#8221;|||&#8221; global_colors_info=&#8221;{}&#8221;][et_pb_column type=&#8221;1_2&#8243; _builder_version=&#8221;4.15&#8243; custom_padding=&#8221;|||&#8221; global_colors_info=&#8221;{}&#8221; custom_padding__hover=&#8221;|||&#8221;][et_pb_text _builder_version=&#8221;4.15&#8243; text_font=&#8221;Open Sans||||||||&#8221; text_text_color=&#8221;#486066&#8243; text_font_size=&#8221;15px&#8221; text_line_height=&#8221;1.8em&#8221; header_font=&#8221;||||||||&#8221; global_colors_info=&#8221;{}&#8221;]<\/p>\n<p>After, we will obtain a treatment plan of physiotherapy.<\/p>\n<p>Periodically, the plan will be reviewed and modified if it\u2019s necessary.<\/p>\n<p>We have a room with all the necessary equipment for the treatment of babies and children.<\/p>\n<p>[\/et_pb_text][\/et_pb_column][et_pb_column type=&#8221;1_2&#8243; _builder_version=&#8221;4.15&#8243; custom_padding=&#8221;|||&#8221; global_colors_info=&#8221;{}&#8221; custom_padding__hover=&#8221;|||&#8221;][et_pb_image src=&#8221;https:\/\/fisiolistic.com\/wp-content\/uploads\/2021\/09\/tratamiento-pediatria.jpg&#8221; title_text=&#8221;tratamiento-pediatria&#8221; show_bottom_space=&#8221;off&#8221; align_tablet=&#8221;center&#8221; align_phone=&#8221;&#8221; align_last_edited=&#8221;on|desktop&#8221; _builder_version=&#8221;4.15&#8243; custom_margin=&#8221;||||false|false&#8221; animation_style=&#8221;slide&#8221; animation_direction=&#8221;left&#8221; animation_intensity_slide=&#8221;8%&#8221; border_radii=&#8221;on|20px|20px|20px|20px&#8221; global_colors_info=&#8221;{}&#8221;][\/et_pb_image][\/et_pb_column][\/et_pb_row][et_pb_row admin_label=&#8221;Row&#8221; _builder_version=&#8221;4.15&#8243; custom_padding=&#8221;0px||||false|false&#8221; global_colors_info=&#8221;{}&#8221;][et_pb_column type=&#8221;4_4&#8243; _builder_version=&#8221;4.15&#8243; custom_padding=&#8221;|||&#8221; global_colors_info=&#8221;{}&#8221; custom_padding__hover=&#8221;|||&#8221;][et_pb_text _builder_version=&#8221;4.15&#8243; text_font=&#8221;Open Sans||||||||&#8221; text_text_color=&#8221;#486066&#8243; text_font_size=&#8221;15px&#8221; text_line_height=&#8221;1.8em&#8221; header_font=&#8221;||||||||&#8221; custom_margin=&#8221;20px||||false|false&#8221; global_colors_info=&#8221;{}&#8221;]<\/p>\n<p><i>*<\/i> The 10th session is free. Expires after 6 months.<\/p>\n<p>&nbsp;<\/p>\n<p>[\/et_pb_text][\/et_pb_column][\/et_pb_row][\/et_pb_section][et_pb_section fb_built=&#8221;1&#8243; admin_label=&#8221;Join Now Call to Action&#8221; _builder_version=&#8221;4.15&#8243; background_color=&#8221;#008479&#8243; background_color_gradient_direction=&#8221;221deg&#8221; background_enable_image=&#8221;off&#8221; background_blend=&#8221;multiply&#8221; custom_margin=&#8221;|||&#8221; custom_padding=&#8221;120px|0px|110px|0px||&#8221; global_colors_info=&#8221;{}&#8221;][et_pb_row column_structure=&#8221;2_3,1_3&#8243; admin_label=&#8221;Call to Action&#8221; _builder_version=&#8221;4.15&#8243; global_colors_info=&#8221;{}&#8221;][et_pb_column type=&#8221;2_3&#8243; _builder_version=&#8221;4.15&#8243; custom_padding=&#8221;|||&#8221; global_colors_info=&#8221;{}&#8221; custom_padding__hover=&#8221;|||&#8221;][et_pb_text _builder_version=&#8221;4.15.1&#8243; text_font=&#8221;Poppins||||||||&#8221; text_text_color=&#8221;#FFFFFF&#8221; text_font_size=&#8221;18px&#8221; text_line_height=&#8221;1.8em&#8221; header_font=&#8221;||||||||&#8221; header_text_color=&#8221;#FFFFFF&#8221; header_font_size=&#8221;24px&#8221; header_3_font=&#8221;Poppins|600|||||||&#8221; header_3_text_color=&#8221;#FFFFFF&#8221; header_3_font_size=&#8221;36px&#8221; header_3_line_height=&#8221;1.4em&#8221; background_layout=&#8221;dark&#8221; custom_margin=&#8221;|||&#8221; hover_enabled=&#8221;0&#8243; global_colors_info=&#8221;{}&#8221; sticky_enabled=&#8221;0&#8243; header_2_font=&#8221;|600|||||||&#8221; header_2_font_size=&#8221;36px&#8221;]<\/p>\n<h2>Are you interested?<\/h2>\n<p>Our hours are from Monday to Friday (not holidays) from 09:00 a.m. to 1:00 p.m. and from 4:00 p.m. to 8:00 p.m.<\/p>\n<p>[\/et_pb_text][\/et_pb_column][et_pb_column type=&#8221;1_3&#8243; _builder_version=&#8221;4.15&#8243; custom_padding=&#8221;|||&#8221; global_colors_info=&#8221;{}&#8221; custom_padding__hover=&#8221;|||&#8221;][et_pb_button button_url=&#8221;@ET-DC@eyJkeW5hbWljIjp0cnVlLCJjb250ZW50IjoicG9zdF9saW5rX3VybF9wYWdlIiwic2V0dGluZ3MiOnsicG9zdF9pZCI6IjExMCJ9fQ==@&#8221; button_text=&#8221;BOOK APPOINTMENT&#8221; _builder_version=&#8221;4.9.0&#8243; _dynamic_attributes=&#8221;button_url&#8221; custom_button=&#8221;on&#8221; button_text_size=&#8221;14px&#8221; button_text_color=&#8221;#008479&#8243; button_bg_color=&#8221;#FFFFFF&#8221; button_border_width=&#8221;0px&#8221; button_border_radius=&#8221;100px&#8221; button_font=&#8221;Poppins|600||on|||||&#8221; background_layout=&#8221;dark&#8221; custom_margin=&#8221;3vw||||false|false&#8221; custom_padding=&#8221;12px|36px|12px|36px&#8221; box_shadow_style=&#8221;preset1&#8243; box_shadow_blur=&#8221;16px&#8221; box_shadow_color=&#8221;rgba(0,0,0,0.16)&#8221; button_letter_spacing_hover=&#8221;0&#8243; locked=&#8221;off&#8221; global_colors_info=&#8221;{}&#8221; button_text_size__hover_enabled=&#8221;off&#8221; button_one_text_size__hover_enabled=&#8221;off&#8221; button_two_text_size__hover_enabled=&#8221;off&#8221; button_text_color__hover_enabled=&#8221;off&#8221; button_one_text_color__hover_enabled=&#8221;off&#8221; button_two_text_color__hover_enabled=&#8221;off&#8221; button_border_width__hover_enabled=&#8221;off&#8221; button_one_border_width__hover_enabled=&#8221;off&#8221; button_two_border_width__hover_enabled=&#8221;off&#8221; button_border_color__hover_enabled=&#8221;off&#8221; button_one_border_color__hover_enabled=&#8221;off&#8221; button_two_border_color__hover_enabled=&#8221;off&#8221; button_border_radius__hover_enabled=&#8221;off&#8221; button_one_border_radius__hover_enabled=&#8221;off&#8221; button_two_border_radius__hover_enabled=&#8221;off&#8221; button_letter_spacing__hover_enabled=&#8221;on&#8221; button_letter_spacing__hover=&#8221;0&#8243; button_one_letter_spacing__hover_enabled=&#8221;off&#8221; button_two_letter_spacing__hover_enabled=&#8221;off&#8221; button_bg_color__hover_enabled=&#8221;off&#8221; button_one_bg_color__hover_enabled=&#8221;off&#8221; button_two_bg_color__hover_enabled=&#8221;off&#8221;][\/et_pb_button][\/et_pb_column][\/et_pb_row][\/et_pb_section]<\/p>\n","protected":false},"excerpt":{"rendered":"<p>ServicesPaediatric PhysiotherapyLong Session (50-60 min) 40 \u20ac*Short Session (25-30 min) 20 \u20acBabies and children have specific characteristics and therefore require specific treatment. Indicated for babies and children affected by pathologies such as: Stiff neck. Muscle shortening. Psychomotor delays. Problems in body posture. Respiratory problems. Neurological pathologies. And, babies and children with not so obvious affectations [&hellip;]<\/p>\n","protected":false},"author":1,"featured_media":0,"parent":0,"menu_order":0,"comment_status":"closed","ping_status":"closed","template":"","meta":{"_et_pb_use_builder":"on","_et_pb_old_content":"[et_pb_section fb_built=\"1\" admin_label=\"About Us Section\" _builder_version=\"4.9.0\" custom_margin=\"||110px||false|false\" custom_padding=\"80px|0px|0px|0px|false|false\"][et_pb_row column_structure=\"1_2,1_4,1_4\" admin_label=\"Row\" _builder_version=\"3.25\" custom_padding=\"|||\"][et_pb_column type=\"1_2\" _builder_version=\"3.25\" custom_padding=\"|||\" custom_padding__hover=\"|||\"][et_pb_text _builder_version=\"4.9.0\" text_font=\"||||||||\" header_font=\"||||||||\" header_2_font=\"Poppins|500||on|||||\" header_2_text_color=\"rgba(0,0,0,0.2)\" header_2_font_size=\"16px\" header_2_letter_spacing=\"1px\" header_2_line_height=\"1.3em\" custom_margin=\"||20px|\" saved_tabs=\"all\" locked=\"off\"]\n<h2>Servicios<\/h2>\n[\/et_pb_text][et_pb_text _builder_version=\"4.9.0\" text_font=\"||||||||\" header_font=\"Poppins|600|||||||\" header_text_color=\"#008479\" header_font_size=\"36px\" header_line_height=\"1.4em\" header_3_font=\"Poppins|600|||||||\" header_3_text_color=\"#008479\" header_3_font_size=\"36px\" header_3_line_height=\"1.4em\"]\n<h1>Fisioterapia Pedri\u00e1tica<\/h1>\n[\/et_pb_text][\/et_pb_column][et_pb_column type=\"1_4\" _builder_version=\"3.25\" custom_padding=\"|||\" custom_padding__hover=\"|||\"][et_pb_text _builder_version=\"4.9.0\" _module_preset=\"default\" text_font_size=\"12px\" header_2_font=\"|600|||||||\" header_2_font_size=\"14px\" header_3_font=\"|600|||||||\" header_3_text_align=\"center\" header_3_text_color=\"#008479\" header_3_font_size=\"26px\" header_3_line_height=\"1.4em\" text_orientation=\"center\" custom_margin=\"||||false|false\" custom_padding=\"10px|10px|0px|10px|false|true\" border_radii=\"on|20px|20px|20px|20px\" border_width_all=\"2px\" border_color_all=\"#008479\" global_module=\"864\"]\n<h2>Long Session (50-60 min)<\/h2>\n<h3>40 \u20ac*<\/h3>\n[\/et_pb_text][\/et_pb_column][et_pb_column type=\"1_4\" _builder_version=\"3.25\" custom_padding=\"|||\" custom_padding__hover=\"|||\"][et_pb_text _builder_version=\"4.9.0\" _module_preset=\"default\" header_2_font=\"|600|||||||\" header_2_font_size=\"14px\" header_3_font=\"|600|||||||\" header_3_text_align=\"center\" header_3_text_color=\"#008479\" header_3_font_size=\"26px\" header_3_line_height=\"1.4em\" text_orientation=\"center\" custom_margin=\"||||false|false\" custom_padding=\"10px|10px|0px|10px|false|true\" border_radii=\"on|20px|20px|20px|20px\" border_width_all=\"2px\" border_color_all=\"#008479\" global_module=\"865\"]\n<h2>Short Session (25-30 min)<\/h2>\n<h3>20 \u20ac<\/h3>\n[\/et_pb_text][\/et_pb_column][\/et_pb_row][et_pb_row column_structure=\"1_2,1_2\" admin_label=\"Row\" _builder_version=\"3.25\" custom_padding=\"|||\"][et_pb_column type=\"1_2\" _builder_version=\"3.25\" custom_padding=\"|||\" custom_padding__hover=\"|||\"][et_pb_text _builder_version=\"4.9.0\" text_font=\"Open Sans||||||||\" text_text_color=\"#486066\" text_font_size=\"15px\" text_line_height=\"1.8em\" header_font=\"||||||||\"]Los beb\u00e9s y los ni\u00f1os tienen caracter\u00edsticas espec\u00edficas y por eso requieren un tratamiento espec\u00edfico.\n\nSe pueden beneficiar de esta terapia los beb\u00e9s y ni\u00f1os afectados de patolog\u00edas como:[\/et_pb_text][et_pb_text _builder_version=\"4.9.0\" text_font=\"Open Sans||||||||\" text_text_color=\"#486066\" text_font_size=\"15px\" text_line_height=\"1.8em\" header_font=\"||||||||\"]\n<ul>\n \t<li>Tort\u00edcolis<\/li>\n \t<li>Acortamientos musculares<\/li>\n \t<li>Retrasos psicomotor<\/li>\n \t<li>Alteraciones de la postura<\/li>\n \t<li>Problemas respiratorios<\/li>\n \t<li>Patolog\u00edas neurol\u00f3gicas<\/li>\n<\/ul>\n[\/et_pb_text][\/et_pb_column][et_pb_column type=\"1_2\" _builder_version=\"3.25\" custom_padding=\"|||\" custom_padding__hover=\"|||\"][et_pb_image src=\"https:\/\/fisiolistic.com\/wp-content\/uploads\/2021\/09\/sala-pediatri\u0301a.jpg\" title_text=\"sala-pediatri\u0301a\" show_bottom_space=\"off\" align_tablet=\"center\" align_phone=\"\" align_last_edited=\"on|desktop\" _builder_version=\"4.9.0\" custom_margin=\"||||false|false\" animation_style=\"slide\" animation_direction=\"left\" animation_intensity_slide=\"8%\" hover_enabled=\"0\" border_radii=\"on|20px|20px|20px|20px\" sticky_enabled=\"0\"][\/et_pb_image][\/et_pb_column][\/et_pb_row][et_pb_row column_structure=\"1_2,1_2\" admin_label=\"Row\" _builder_version=\"3.25\" custom_padding=\"|||\"][et_pb_column type=\"1_2\" _builder_version=\"3.25\" custom_padding=\"|||\" custom_padding__hover=\"|||\"][et_pb_image src=\"https:\/\/fisiolistic.com\/wp-content\/uploads\/2021\/08\/D.-Fisioterapia-Pedia\u0301trica.jpeg\" title_text=\"D. Fisioterapia Pedia\u0301trica\" show_bottom_space=\"off\" align_tablet=\"center\" align_phone=\"\" align_last_edited=\"on|desktop\" _builder_version=\"4.9.0\" custom_margin=\"||||false|false\" animation_style=\"slide\" animation_direction=\"left\" animation_intensity_slide=\"8%\" hover_enabled=\"0\" border_radii=\"on|20px|20px|20px|20px\" sticky_enabled=\"0\"][\/et_pb_image][\/et_pb_column][et_pb_column type=\"1_2\" _builder_version=\"3.25\" custom_padding=\"|||\" custom_padding__hover=\"|||\"][et_pb_text _builder_version=\"4.9.0\" text_font=\"Open Sans||||||||\" text_text_color=\"#486066\" text_font_size=\"15px\" text_line_height=\"1.8em\" header_font=\"||||||||\"]Y tambi\u00e9n se otros beb\u00e9s y ni\u00f1os con afectaciones no tan evidentes pero que su entorno nota que duerme mal, le cuesta comer, est\u00e1 fatigado\u2026\n\nAntes de empezar la terapia realizaremos:[\/et_pb_text][et_pb_text _builder_version=\"4.9.0\" text_font=\"Open Sans||||||||\" text_text_color=\"#486066\" text_font_size=\"15px\" text_line_height=\"1.8em\" header_font=\"||||||||\"]\n<ul>\n \t<li>La evaluaci\u00f3n de la actitud espont\u00e1nea, la postura, la movilidad activa, la movilidad pasiva, los reflejos primitivos, la movilidad fina y el equilibrio.<\/li>\n \t<li>La anamnesis de los s\u00edntomas y antecedentes.\nEn caso de patolog\u00eda respiratoria, oximetr\u00eda y auscultaci\u00f3n.<\/li>\n<\/ul>\n[\/et_pb_text][\/et_pb_column][\/et_pb_row][et_pb_row column_structure=\"1_2,1_2\" admin_label=\"Row\" _builder_version=\"3.25\" custom_padding=\"|||\"][et_pb_column type=\"1_2\" _builder_version=\"3.25\" custom_padding=\"|||\" custom_padding__hover=\"|||\"][et_pb_text _builder_version=\"4.9.0\" text_font=\"Open Sans||||||||\" text_text_color=\"#486066\" text_font_size=\"15px\" text_line_height=\"1.8em\" header_font=\"||||||||\"]Con toda esta informaci\u00f3n, junto con el diagn\u00f3stico m\u00e9dico, estableceremos un plan de tratamiento y unos objetivos a lograr. Este plan se ir\u00e1 revisando y modificando en caso necesario.\n\nDisponemos de una sala preparada para los beb\u00e9s y ni\u00f1os, con todos los equipamientos necesarios para el tratamiento.[\/et_pb_text][\/et_pb_column][et_pb_column type=\"1_2\" _builder_version=\"3.25\" custom_padding=\"|||\" custom_padding__hover=\"|||\"][et_pb_image src=\"https:\/\/fisiolistic.com\/wp-content\/uploads\/2021\/09\/tratamiento-pediatria.jpg\" title_text=\"tratamiento-pediatria\" show_bottom_space=\"off\" align_tablet=\"center\" align_phone=\"\" align_last_edited=\"on|desktop\" _builder_version=\"4.9.0\" custom_margin=\"||||false|false\" animation_style=\"slide\" animation_direction=\"left\" animation_intensity_slide=\"8%\" border_radii=\"on|20px|20px|20px|20px\" hover_enabled=\"0\" sticky_enabled=\"0\"][\/et_pb_image][\/et_pb_column][\/et_pb_row][et_pb_row admin_label=\"Row\" _builder_version=\"4.9.0\" custom_padding=\"0px||||false|false\" global_module=\"866\"][et_pb_column type=\"4_4\" _builder_version=\"3.25\" custom_padding=\"|||\" custom_padding__hover=\"|||\"][et_pb_text _builder_version=\"4.9.0\" text_font=\"Open Sans||||||||\" text_text_color=\"#486066\" text_font_size=\"15px\" text_line_height=\"1.8em\" header_font=\"||||||||\" custom_margin=\"20px||||false|false\"]<i>* La 10\u00aa sesi\u00f3n es gratuita. Caduca a los 6 meses.<\/i>[\/et_pb_text][\/et_pb_column][\/et_pb_row][\/et_pb_section][et_pb_section fb_built=\"1\" admin_label=\"Join Now Call to Action\" _builder_version=\"4.9.0\" background_color=\"#008479\" background_color_gradient_direction=\"221deg\" background_enable_image=\"off\" background_blend=\"multiply\" custom_margin=\"|||\" custom_padding=\"120px|0px|110px|0px||\"][et_pb_row column_structure=\"2_3,1_3\" admin_label=\"Call to Action\" _builder_version=\"3.25\"][et_pb_column type=\"2_3\" _builder_version=\"3.25\" custom_padding=\"|||\" custom_padding__hover=\"|||\"][et_pb_text _builder_version=\"4.9.0\" text_font=\"Poppins||||||||\" text_text_color=\"#FFFFFF\" text_font_size=\"18px\" text_line_height=\"1.8em\" header_font=\"||||||||\" header_text_color=\"#FFFFFF\" header_font_size=\"24px\" header_3_font=\"Poppins|600|||||||\" header_3_text_color=\"#FFFFFF\" header_3_font_size=\"36px\" header_3_line_height=\"1.4em\" background_layout=\"dark\" custom_margin=\"|||\"]\n<h3>\u00bfEst\u00e1s interesad@?<\/h3>\nNuestro horario es de Lunes a Viernes (no festivos) de 09:00h a 13:00h y de 16:00h a 20:00h.\n\n[\/et_pb_text][\/et_pb_column][et_pb_column type=\"1_3\" _builder_version=\"3.25\" custom_padding=\"|||\" custom_padding__hover=\"|||\"][et_pb_button button_url=\"@ET-DC@eyJkeW5hbWljIjp0cnVlLCJjb250ZW50IjoicG9zdF9saW5rX3VybF9wYWdlIiwic2V0dGluZ3MiOnsicG9zdF9pZCI6IjExMCJ9fQ==@\" button_text=\"RESERVAR CITA\" _builder_version=\"4.9.0\" _dynamic_attributes=\"button_url\" custom_button=\"on\" button_text_size=\"14px\" button_text_color=\"#008479\" button_bg_color=\"#FFFFFF\" button_border_width=\"0px\" button_border_radius=\"100px\" button_font=\"Poppins|600||on|||||\" background_layout=\"dark\" custom_margin=\"3vw||||false|false\" custom_padding=\"12px|36px|12px|36px\" box_shadow_style=\"preset1\" box_shadow_blur=\"16px\" box_shadow_color=\"rgba(0,0,0,0.16)\" button_letter_spacing_hover=\"0\" locked=\"off\" button_text_size__hover_enabled=\"off\" button_one_text_size__hover_enabled=\"off\" button_two_text_size__hover_enabled=\"off\" button_text_color__hover_enabled=\"off\" button_one_text_color__hover_enabled=\"off\" button_two_text_color__hover_enabled=\"off\" button_border_width__hover_enabled=\"off\" button_one_border_width__hover_enabled=\"off\" button_two_border_width__hover_enabled=\"off\" button_border_color__hover_enabled=\"off\" button_one_border_color__hover_enabled=\"off\" button_two_border_color__hover_enabled=\"off\" button_border_radius__hover_enabled=\"off\" button_one_border_radius__hover_enabled=\"off\" button_two_border_radius__hover_enabled=\"off\" button_letter_spacing__hover_enabled=\"on\" button_letter_spacing__hover=\"0\" button_one_letter_spacing__hover_enabled=\"off\" button_two_letter_spacing__hover_enabled=\"off\" button_bg_color__hover_enabled=\"off\" button_one_bg_color__hover_enabled=\"off\" button_two_bg_color__hover_enabled=\"off\"][\/et_pb_button][\/et_pb_column][\/et_pb_row][\/et_pb_section]","_et_gb_content_width":"","footnotes":""},"class_list":["post-1290","page","type-page","status-publish","hentry"],"aioseo_notices":[],"_links":{"self":[{"href":"https:\/\/fisiolistic.com\/en\/wp-json\/wp\/v2\/pages\/1290","targetHints":{"allow":["GET"]}}],"collection":[{"href":"https:\/\/fisiolistic.com\/en\/wp-json\/wp\/v2\/pages"}],"about":[{"href":"https:\/\/fisiolistic.com\/en\/wp-json\/wp\/v2\/types\/page"}],"author":[{"embeddable":true,"href":"https:\/\/fisiolistic.com\/en\/wp-json\/wp\/v2\/users\/1"}],"replies":[{"embeddable":true,"href":"https:\/\/fisiolistic.com\/en\/wp-json\/wp\/v2\/comments?post=1290"}],"version-history":[{"count":6,"href":"https:\/\/fisiolistic.com\/en\/wp-json\/wp\/v2\/pages\/1290\/revisions"}],"predecessor-version":[{"id":1834,"href":"https:\/\/fisiolistic.com\/en\/wp-json\/wp\/v2\/pages\/1290\/revisions\/1834"}],"wp:attachment":[{"href":"https:\/\/fisiolistic.com\/en\/wp-json\/wp\/v2\/media?parent=1290"}],"curies":[{"name":"wp","href":"https:\/\/api.w.org\/{rel}","templated":true}]}}