{"id":1285,"date":"2021-11-26T14:31:25","date_gmt":"2021-11-26T14:31:25","guid":{"rendered":"https:\/\/fisiolistic.com\/?page_id=1285"},"modified":"2025-05-12T09:49:28","modified_gmt":"2025-05-12T09:49:28","slug":"neurorehabilitation","status":"publish","type":"page","link":"https:\/\/fisiolistic.com\/en\/neurorehabilitation\/","title":{"rendered":"Neurorehabilitation"},"content":{"rendered":"<p>[et_pb_section fb_built=&#8221;1&#8243; admin_label=&#8221;About Us Section&#8221; _builder_version=&#8221;4.15&#8243; custom_margin=&#8221;||110px||false|false&#8221; custom_padding=&#8221;80px|0px|0px|0px|false|false&#8221; global_colors_info=&#8221;{}&#8221;][et_pb_row column_structure=&#8221;1_2,1_4,1_4&#8243; admin_label=&#8221;Row&#8221; _builder_version=&#8221;4.15&#8243; custom_padding=&#8221;|||&#8221; global_colors_info=&#8221;{}&#8221;][et_pb_column type=&#8221;1_2&#8243; _builder_version=&#8221;4.15&#8243; custom_padding=&#8221;|||&#8221; global_colors_info=&#8221;{}&#8221; custom_padding__hover=&#8221;|||&#8221;][et_pb_text _builder_version=&#8221;4.15.1&#8243; text_font=&#8221;|||on|||||&#8221; header_font=&#8221;||||||||&#8221; header_2_font=&#8221;Poppins|500||on|||||&#8221; header_2_text_color=&#8221;rgba(0,0,0,0.2)&#8221; header_2_font_size=&#8221;16px&#8221; header_2_letter_spacing=&#8221;1px&#8221; header_2_line_height=&#8221;1.3em&#8221; custom_margin=&#8221;||20px|&#8221; hover_enabled=&#8221;0&#8243; saved_tabs=&#8221;all&#8221; locked=&#8221;off&#8221; global_colors_info=&#8221;{}&#8221; text_text_color=&#8221;rgba(0,0,0,0.2)&#8221; text_font_size=&#8221;16px&#8221; sticky_enabled=&#8221;0&#8243;]<\/p>\n<p>Services<\/p>\n<p>[\/et_pb_text][et_pb_text _builder_version=&#8221;4.15&#8243; text_font=&#8221;||||||||&#8221; header_font=&#8221;Poppins|600|||||||&#8221; header_text_color=&#8221;#008479&#8243; header_font_size=&#8221;36px&#8221; header_line_height=&#8221;1.4em&#8221; header_3_font=&#8221;Poppins|600|||||||&#8221; header_3_text_color=&#8221;#008479&#8243; header_3_font_size=&#8221;36px&#8221; header_3_line_height=&#8221;1.4em&#8221; custom_margin=&#8221;||5px|||&#8221; global_colors_info=&#8221;{}&#8221;]<\/p>\n<h1>Neurorehabilitation<\/h1>\n<p>[\/et_pb_text][\/et_pb_column][et_pb_column type=&#8221;1_4&#8243; _builder_version=&#8221;4.15&#8243; custom_padding=&#8221;|||&#8221; global_colors_info=&#8221;{}&#8221; custom_padding__hover=&#8221;|||&#8221;][et_pb_text _builder_version=&#8221;4.15&#8243; _module_preset=&#8221;default&#8221; text_font_size=&#8221;12px&#8221; header_2_font=&#8221;|600|||||||&#8221; header_2_font_size=&#8221;14px&#8221; header_3_font=&#8221;|600|||||||&#8221; header_3_text_align=&#8221;center&#8221; header_3_text_color=&#8221;#008479&#8243; header_3_font_size=&#8221;26px&#8221; header_3_line_height=&#8221;1.4em&#8221; text_orientation=&#8221;center&#8221; custom_margin=&#8221;||||false|false&#8221; custom_padding=&#8221;10px|10px|0px|10px|false|true&#8221; border_radii=&#8221;on|20px|20px|20px|20px&#8221; border_width_all=&#8221;2px&#8221; border_color_all=&#8221;#008479&#8243; global_colors_info=&#8221;{}&#8221;]<\/p>\n<h2>Long Session (50-60 min)<\/h2>\n<h3>40 \u20ac*<\/h3>\n<p>[\/et_pb_text][\/et_pb_column][et_pb_column type=&#8221;1_4&#8243; _builder_version=&#8221;4.15&#8243; custom_padding=&#8221;|||&#8221; global_colors_info=&#8221;{}&#8221; custom_padding__hover=&#8221;|||&#8221;][et_pb_text _builder_version=&#8221;4.15&#8243; _module_preset=&#8221;default&#8221; header_2_font=&#8221;|600|||||||&#8221; header_2_font_size=&#8221;14px&#8221; header_3_font=&#8221;|600|||||||&#8221; header_3_text_align=&#8221;center&#8221; header_3_text_color=&#8221;#008479&#8243; header_3_font_size=&#8221;26px&#8221; header_3_line_height=&#8221;1.4em&#8221; text_orientation=&#8221;center&#8221; custom_margin=&#8221;||||false|false&#8221; custom_padding=&#8221;10px|10px|0px|10px|false|true&#8221; border_radii=&#8221;on|20px|20px|20px|20px&#8221; border_width_all=&#8221;2px&#8221; border_color_all=&#8221;#008479&#8243; global_colors_info=&#8221;{}&#8221;]<\/p>\n<h2>Short Sesion (25-30 min)<\/h2>\n<h3>20 \u20ac<\/h3>\n<p>[\/et_pb_text][\/et_pb_column][\/et_pb_row][et_pb_row column_structure=&#8221;1_2,1_2&#8243; admin_label=&#8221;Row&#8221; _builder_version=&#8221;4.15&#8243; custom_padding=&#8221;0px|||||&#8221; global_colors_info=&#8221;{}&#8221;][et_pb_column type=&#8221;1_2&#8243; _builder_version=&#8221;4.15&#8243; custom_padding=&#8221;|||&#8221; global_colors_info=&#8221;{}&#8221; custom_padding__hover=&#8221;|||&#8221;][et_pb_text _builder_version=&#8221;4.15&#8243; text_font=&#8221;Open Sans||||||||&#8221; text_font_size=&#8221;15px&#8221; text_line_height=&#8221;1.8em&#8221; header_font=&#8221;||||||||&#8221; global_colors_info=&#8221;{}&#8221;]<\/p>\n<p>Indicated for:<\/p>\n<p>[\/et_pb_text][et_pb_text _builder_version=&#8221;4.15&#8243; text_font=&#8221;Open Sans||||||||&#8221; text_font_size=&#8221;15px&#8221; text_line_height=&#8221;1.8em&#8221; header_font=&#8221;||||||||&#8221; global_colors_info=&#8221;{}&#8221;]<\/p>\n<ul>\n<li>Stroke \/ Stroke.<\/li>\n<li>Cranial-encephalic trauma.<\/li>\n<li>Multiple sclerosis.<\/li>\n<li>Parkinson.<\/li>\n<li>Facial paralysis.<\/li>\n<li>Congenital neurological diseases.<\/li>\n<li>Etc.<\/li>\n<\/ul>\n<p>[\/et_pb_text][\/et_pb_column][et_pb_column type=&#8221;1_2&#8243; _builder_version=&#8221;4.15&#8243; custom_padding=&#8221;|||&#8221; global_colors_info=&#8221;{}&#8221; custom_padding__hover=&#8221;|||&#8221;][et_pb_slider _builder_version=&#8221;4.15&#8243; _module_preset=&#8221;default&#8221; background_enable_image=&#8221;off&#8221; auto=&#8221;on&#8221; auto_speed=&#8221;4500&#8243; border_radii=&#8221;on|20px|20px|20px|20px&#8221; global_colors_info=&#8221;{}&#8221;][et_pb_slide _builder_version=&#8221;4.15&#8243; _module_preset=&#8221;default&#8221; background_enable_color=&#8221;off&#8221; background_image=&#8221;https:\/\/fisiolistic.com\/wp-content\/uploads\/2021\/08\/DSCF0290.jpeg&#8221; background_enable_image=&#8221;on&#8221; global_colors_info=&#8221;{}&#8221; sticky_transition=&#8221;on&#8221;][\/et_pb_slide][et_pb_slide _builder_version=&#8221;4.15&#8243; _module_preset=&#8221;default&#8221; background_enable_color=&#8221;off&#8221; background_image=&#8221;https:\/\/fisiolistic.com\/wp-content\/uploads\/2021\/08\/DSCF0250.jpeg&#8221; background_enable_image=&#8221;on&#8221; global_colors_info=&#8221;{}&#8221; sticky_transition=&#8221;on&#8221;][\/et_pb_slide][\/et_pb_slider][\/et_pb_column][\/et_pb_row][et_pb_row column_structure=&#8221;1_2,1_2&#8243; admin_label=&#8221;Row&#8221; _builder_version=&#8221;4.15&#8243; custom_padding=&#8221;0px|||||&#8221; global_colors_info=&#8221;{}&#8221;][et_pb_column type=&#8221;1_2&#8243; _builder_version=&#8221;4.15&#8243; custom_padding=&#8221;|||&#8221; global_colors_info=&#8221;{}&#8221; custom_padding__hover=&#8221;|||&#8221;][et_pb_image src=&#8221;https:\/\/fisiolistic.com\/wp-content\/uploads\/2021\/09\/neurorehabilitacion.jpg&#8221; title_text=&#8221;neurorehabilitacion&#8221; _builder_version=&#8221;4.15&#8243; _module_preset=&#8221;default&#8221; border_radii=&#8221;on|20px|20px|20px|20px&#8221; global_colors_info=&#8221;{}&#8221;][\/et_pb_image][\/et_pb_column][et_pb_column type=&#8221;1_2&#8243; _builder_version=&#8221;4.15&#8243; custom_padding=&#8221;|||&#8221; global_colors_info=&#8221;{}&#8221; custom_padding__hover=&#8221;|||&#8221;][et_pb_text _builder_version=&#8221;4.15&#8243; text_font=&#8221;Open Sans||||||||&#8221; text_font_size=&#8221;15px&#8221; text_line_height=&#8221;1.8em&#8221; header_font=&#8221;||||||||&#8221; global_colors_info=&#8221;{}&#8221;]<\/p>\n<p>Before starting a treatment we will do a clinic checkup:<\/p>\n<ul>\n<li>Examination of the patient: State of muscle tone (hypertonic or hypotonic), Articular limitations, Postural control, Alterations in sensitivity, Alterations in perception, Fine craftsmanship, Gait disturbances, Pain, Ability to carry out activities of daily life<\/li>\n<li>Anamnesis (medical diagnosis, symptoms, pathological history&#8230;).<\/li>\n<\/ul>\n<p>After, we will obtain a treatment plan of physiotherapy.<\/p>\n<p>Periodically, the plan will be reviewed and modified if it\u2019s necessary.<\/p>\n<p>&nbsp;<\/p>\n<p>[\/et_pb_text][et_pb_text _builder_version=&#8221;4.15&#8243; text_font=&#8221;Open Sans|600|||||||&#8221; text_text_color=&#8221;#008479&#8243; text_font_size=&#8221;15px&#8221; text_line_height=&#8221;1.8em&#8221; header_font=&#8221;||||||||&#8221; global_colors_info=&#8221;{}&#8221;]<\/p>\n<p>Neurorehabilitation consists of:<\/p>\n<p>[\/et_pb_text][et_pb_text _builder_version=&#8221;4.15&#8243; text_font=&#8221;Open Sans||||||||&#8221; text_font_size=&#8221;15px&#8221; text_line_height=&#8221;1.8em&#8221; header_font=&#8221;||||||||&#8221; global_colors_info=&#8221;{}&#8221;]<\/p>\n<ul>\n<li>Inhibition of spastic muscles.<\/li>\n<li>Joint mobilizations.<\/li>\n<li>Trunk control.<\/li>\n<li>Cognitive Therapy.<\/li>\n<li>Transfer Training.<\/li>\n<li>Personalized exercises.<\/li>\n<li>Re-education of gait (balance exercises&#8230;)<\/li>\n<\/ul>\n<p>[\/et_pb_text][\/et_pb_column][\/et_pb_row][et_pb_row admin_label=&#8221;Row&#8221; _builder_version=&#8221;4.15&#8243; custom_padding=&#8221;|||&#8221; global_colors_info=&#8221;{}&#8221;][et_pb_column type=&#8221;4_4&#8243; _builder_version=&#8221;4.15&#8243; custom_padding=&#8221;|||&#8221; global_colors_info=&#8221;{}&#8221; custom_padding__hover=&#8221;|||&#8221;][et_pb_text _builder_version=&#8221;4.15&#8243; text_font=&#8221;Open Sans||||||||&#8221; text_font_size=&#8221;15px&#8221; text_line_height=&#8221;1.8em&#8221; header_font=&#8221;||||||||&#8221; global_colors_info=&#8221;{}&#8221;]<\/p>\n<p>We use different techniques: Bobath Concept, Affolter Model, Basal Stimulation, Cognitive Therapeutic Exercise (Perfetti), Neurodynamic Techniques, Grimaldi Technique, Manual Therapy&#8230;<\/p>\n<p>[\/et_pb_text][\/et_pb_column][\/et_pb_row][et_pb_row admin_label=&#8221;Row&#8221; _builder_version=&#8221;4.15&#8243; custom_padding=&#8221;0px||||false|false&#8221; global_colors_info=&#8221;{}&#8221;][et_pb_column type=&#8221;4_4&#8243; _builder_version=&#8221;4.15&#8243; custom_padding=&#8221;|||&#8221; global_colors_info=&#8221;{}&#8221; custom_padding__hover=&#8221;|||&#8221;][et_pb_text _builder_version=&#8221;4.15&#8243; text_font=&#8221;Open Sans||||||||&#8221; text_text_color=&#8221;#486066&#8243; text_font_size=&#8221;15px&#8221; text_line_height=&#8221;1.8em&#8221; header_font=&#8221;||||||||&#8221; custom_margin=&#8221;20px||||false|false&#8221; global_colors_info=&#8221;{}&#8221;]<\/p>\n<p><i>* The 10th session is free. Expires after 6 months.<\/i><\/p>\n<p>[\/et_pb_text][\/et_pb_column][\/et_pb_row][\/et_pb_section][et_pb_section fb_built=&#8221;1&#8243; admin_label=&#8221;Join Now Call to Action&#8221; _builder_version=&#8221;4.15&#8243; background_color=&#8221;#008479&#8243; background_color_gradient_direction=&#8221;221deg&#8221; background_enable_image=&#8221;off&#8221; background_blend=&#8221;multiply&#8221; custom_margin=&#8221;|||&#8221; custom_padding=&#8221;120px|0px|110px|0px||&#8221; global_colors_info=&#8221;{}&#8221;][et_pb_row column_structure=&#8221;2_3,1_3&#8243; admin_label=&#8221;Call to Action&#8221; _builder_version=&#8221;4.15&#8243; global_colors_info=&#8221;{}&#8221;][et_pb_column type=&#8221;2_3&#8243; _builder_version=&#8221;4.15&#8243; custom_padding=&#8221;|||&#8221; global_colors_info=&#8221;{}&#8221; custom_padding__hover=&#8221;|||&#8221;][et_pb_text _builder_version=&#8221;4.15.1&#8243; text_font=&#8221;Poppins||||||||&#8221; text_text_color=&#8221;#FFFFFF&#8221; text_font_size=&#8221;18px&#8221; text_line_height=&#8221;1.8em&#8221; header_font=&#8221;||||||||&#8221; header_text_color=&#8221;#FFFFFF&#8221; header_font_size=&#8221;24px&#8221; header_3_font=&#8221;Poppins|600|||||||&#8221; header_3_text_color=&#8221;#FFFFFF&#8221; header_3_font_size=&#8221;36px&#8221; header_3_line_height=&#8221;1.4em&#8221; background_layout=&#8221;dark&#8221; custom_margin=&#8221;|||&#8221; hover_enabled=&#8221;0&#8243; global_colors_info=&#8221;{}&#8221; header_2_font=&#8221;|600|||||||&#8221; header_2_font_size=&#8221;36px&#8221; sticky_enabled=&#8221;0&#8243;]<\/p>\n<h2>Are you interested?<\/h2>\n<p>Our hours are from Monday to Friday (not holidays) from 09:00 a.m. to 1:00 p.m. and from 4:00 p.m. to 8:00 p.m.<\/p>\n<p>[\/et_pb_text][\/et_pb_column][et_pb_column type=&#8221;1_3&#8243; _builder_version=&#8221;4.15&#8243; custom_padding=&#8221;|||&#8221; global_colors_info=&#8221;{}&#8221; custom_padding__hover=&#8221;|||&#8221;][et_pb_button button_url=&#8221;@ET-DC@eyJkeW5hbWljIjp0cnVlLCJjb250ZW50IjoicG9zdF9saW5rX3VybF9wYWdlIiwic2V0dGluZ3MiOnsicG9zdF9pZCI6IjExMCJ9fQ==@&#8221; button_text=&#8221;BOOK APPOINTMENT&#8221; _builder_version=&#8221;4.9.0&#8243; _dynamic_attributes=&#8221;button_url&#8221; custom_button=&#8221;on&#8221; button_text_size=&#8221;14px&#8221; button_text_color=&#8221;#008479&#8243; button_bg_color=&#8221;#FFFFFF&#8221; button_border_width=&#8221;0px&#8221; button_border_radius=&#8221;100px&#8221; button_font=&#8221;Poppins|600||on|||||&#8221; background_layout=&#8221;dark&#8221; custom_margin=&#8221;3vw||||false|false&#8221; custom_padding=&#8221;12px|36px|12px|36px&#8221; box_shadow_style=&#8221;preset1&#8243; box_shadow_blur=&#8221;16px&#8221; box_shadow_color=&#8221;rgba(0,0,0,0.16)&#8221; button_letter_spacing_hover=&#8221;0&#8243; locked=&#8221;off&#8221; global_colors_info=&#8221;{}&#8221; button_text_size__hover_enabled=&#8221;off&#8221; button_one_text_size__hover_enabled=&#8221;off&#8221; button_two_text_size__hover_enabled=&#8221;off&#8221; button_text_color__hover_enabled=&#8221;off&#8221; button_one_text_color__hover_enabled=&#8221;off&#8221; button_two_text_color__hover_enabled=&#8221;off&#8221; button_border_width__hover_enabled=&#8221;off&#8221; button_one_border_width__hover_enabled=&#8221;off&#8221; button_two_border_width__hover_enabled=&#8221;off&#8221; button_border_color__hover_enabled=&#8221;off&#8221; button_one_border_color__hover_enabled=&#8221;off&#8221; button_two_border_color__hover_enabled=&#8221;off&#8221; button_border_radius__hover_enabled=&#8221;off&#8221; button_one_border_radius__hover_enabled=&#8221;off&#8221; button_two_border_radius__hover_enabled=&#8221;off&#8221; button_letter_spacing__hover_enabled=&#8221;on&#8221; button_letter_spacing__hover=&#8221;0&#8243; button_one_letter_spacing__hover_enabled=&#8221;off&#8221; button_two_letter_spacing__hover_enabled=&#8221;off&#8221; button_bg_color__hover_enabled=&#8221;off&#8221; button_one_bg_color__hover_enabled=&#8221;off&#8221; button_two_bg_color__hover_enabled=&#8221;off&#8221;][\/et_pb_button][\/et_pb_column][\/et_pb_row][\/et_pb_section]<\/p>\n","protected":false},"excerpt":{"rendered":"<p>ServicesNeurorehabilitationLong Session (50-60 min) 40 \u20ac*Short Sesion (25-30 min) 20 \u20acIndicated for: Stroke \/ Stroke. Cranial-encephalic trauma. Multiple sclerosis. Parkinson. Facial paralysis. Congenital neurological diseases. Etc. Before starting a treatment we will do a clinic checkup: Examination of the patient: State of muscle tone (hypertonic or hypotonic), Articular limitations, Postural control, Alterations in sensitivity, Alterations [&hellip;]<\/p>\n","protected":false},"author":1,"featured_media":0,"parent":0,"menu_order":0,"comment_status":"closed","ping_status":"closed","template":"","meta":{"_et_pb_use_builder":"on","_et_pb_old_content":"[et_pb_section fb_built=\"1\" admin_label=\"About Us Section\" _builder_version=\"4.9.0\" custom_margin=\"||110px||false|false\" custom_padding=\"80px|0px|0px|0px|false|false\"][et_pb_row column_structure=\"1_2,1_4,1_4\" admin_label=\"Row\" _builder_version=\"3.25\" custom_padding=\"|||\"][et_pb_column type=\"1_2\" _builder_version=\"3.25\" custom_padding=\"|||\" custom_padding__hover=\"|||\"][et_pb_text _builder_version=\"4.9.0\" text_font=\"||||||||\" header_font=\"||||||||\" header_2_font=\"Poppins|500||on|||||\" header_2_text_color=\"rgba(0,0,0,0.2)\" header_2_font_size=\"16px\" header_2_letter_spacing=\"1px\" header_2_line_height=\"1.3em\" custom_margin=\"||20px|\" saved_tabs=\"all\" locked=\"off\"]\n<h2>Services<\/h2>\n[\/et_pb_text][et_pb_text _builder_version=\"4.9.0\" text_font=\"||||||||\" header_font=\"Poppins|600|||||||\" header_text_color=\"#008479\" header_font_size=\"36px\" header_line_height=\"1.4em\" header_3_font=\"Poppins|600|||||||\" header_3_text_color=\"#008479\" header_3_font_size=\"36px\" header_3_line_height=\"1.4em\" custom_margin=\"||5px|||\"]\n<h1>Neurorehabilitation<\/h1>\n[\/et_pb_text][\/et_pb_column][et_pb_column type=\"1_4\" _builder_version=\"3.25\" custom_padding=\"|||\" custom_padding__hover=\"|||\"][et_pb_text _builder_version=\"4.9.0\" _module_preset=\"default\" text_font_size=\"12px\" header_2_font=\"|600|||||||\" header_2_font_size=\"14px\" header_3_font=\"|600|||||||\" header_3_text_align=\"center\" header_3_text_color=\"#008479\" header_3_font_size=\"26px\" header_3_line_height=\"1.4em\" text_orientation=\"center\" custom_margin=\"||||false|false\" custom_padding=\"10px|10px|0px|10px|false|true\" border_radii=\"on|20px|20px|20px|20px\" border_width_all=\"2px\" border_color_all=\"#008479\" global_module=\"864\"]\n<h2>Long Session (50-60 min)<\/h2>\n<h3>40 \u20ac*<\/h3>\n[\/et_pb_text][\/et_pb_column][et_pb_column type=\"1_4\" _builder_version=\"3.25\" custom_padding=\"|||\" custom_padding__hover=\"|||\"][et_pb_text _builder_version=\"4.9.0\" _module_preset=\"default\" header_2_font=\"|600|||||||\" header_2_font_size=\"14px\" header_3_font=\"|600|||||||\" header_3_text_align=\"center\" header_3_text_color=\"#008479\" header_3_font_size=\"26px\" header_3_line_height=\"1.4em\" text_orientation=\"center\" custom_margin=\"||||false|false\" custom_padding=\"10px|10px|0px|10px|false|true\" border_radii=\"on|20px|20px|20px|20px\" border_width_all=\"2px\" border_color_all=\"#008479\" global_module=\"865\"]\n<h2>Short Sesion (25-30 min)<\/h2>\n<h3>20 \u20ac<\/h3>\n[\/et_pb_text][\/et_pb_column][\/et_pb_row][et_pb_row column_structure=\"1_2,1_2\" admin_label=\"Row\" _builder_version=\"3.25\" custom_padding=\"0px|||||\"][et_pb_column type=\"1_2\" _builder_version=\"3.25\" custom_padding=\"|||\" custom_padding__hover=\"|||\"][et_pb_text _builder_version=\"4.9.0\" text_font=\"Open Sans||||||||\" text_font_size=\"15px\" text_line_height=\"1.8em\" header_font=\"||||||||\"]Indicada para:[\/et_pb_text][et_pb_text _builder_version=\"4.9.0\" text_font=\"Open Sans||||||||\" text_font_size=\"15px\" text_line_height=\"1.8em\" header_font=\"||||||||\"]\n<ul>\n \t<li>Ictus\/ Accidente cerebrovascular<\/li>\n \t<li>Traumatismos cr\u00e1neo-encef\u00e1lico<\/li>\n \t<li>Esclerosis M\u00faltiple<\/li>\n \t<li>Parkinson<\/li>\n \t<li>Par\u00e1lisis facial<\/li>\n \t<li>Enfermedades neurol\u00f3gicas cong\u00e9nitas<\/li>\n \t<li>Etc<\/li>\n<\/ul>\n[\/et_pb_text][\/et_pb_column][et_pb_column type=\"1_2\" _builder_version=\"3.25\" custom_padding=\"|||\" custom_padding__hover=\"|||\"][et_pb_slider _builder_version=\"4.9.0\" _module_preset=\"default\" background_enable_image=\"off\" auto=\"on\" auto_speed=\"4500\" hover_enabled=\"0\" border_radii=\"on|20px|20px|20px|20px\" sticky_enabled=\"0\"][et_pb_slide _builder_version=\"4.9.0\" _module_preset=\"default\" background_enable_color=\"off\" background_image=\"https:\/\/fisiolistic.com\/wp-content\/uploads\/2021\/08\/DSCF0290.jpeg\" background_enable_image=\"on\" hover_enabled=\"0\" sticky_transition=\"on\" title_text=\"DSCF0290\" sticky_enabled=\"0\"]\n\n[\/et_pb_slide][et_pb_slide _builder_version=\"4.9.0\" _module_preset=\"default\" background_enable_color=\"off\" background_image=\"https:\/\/fisiolistic.com\/wp-content\/uploads\/2021\/08\/DSCF0250.jpeg\" background_enable_image=\"on\" hover_enabled=\"0\" sticky_transition=\"on\" title_text=\"DSCF0250\" sticky_enabled=\"0\"]\n\n[\/et_pb_slide][\/et_pb_slider][\/et_pb_column][\/et_pb_row][et_pb_row column_structure=\"1_2,1_2\" admin_label=\"Row\" _builder_version=\"3.25\" custom_padding=\"0px|||||\"][et_pb_column type=\"1_2\" _builder_version=\"3.25\" custom_padding=\"|||\" custom_padding__hover=\"|||\"][et_pb_image src=\"https:\/\/fisiolistic.com\/wp-content\/uploads\/2021\/09\/neurorehabilitacion.jpg\" title_text=\"neurorehabilitacion\" _builder_version=\"4.9.0\" _module_preset=\"default\" border_radii=\"on|20px|20px|20px|20px\"][\/et_pb_image][\/et_pb_column][et_pb_column type=\"1_2\" _builder_version=\"3.25\" custom_padding=\"|||\" custom_padding__hover=\"|||\"][et_pb_text _builder_version=\"4.9.0\" text_font=\"Open Sans||||||||\" text_font_size=\"15px\" text_line_height=\"1.8em\" header_font=\"||||||||\"]\n\nAntes de empezar con la neurorehabilitaci\u00f3n:\n<ul>\n \t<li>Exploraci\u00f3n del paciente: Estado tono muscular (hipertono o hipotono), Limitaciones articulares, Control postural, Alteraciones de sensibilidad, Alteraciones de la percepci\u00f3n, Manualidad fina, Alteraciones de la marcha, Dolores, Capacidades para realizar las actividades de la vida diaria.<\/li>\n \t<li>Anamnesis de los s\u00edntomas y los antecedentes.<\/li>\n<\/ul>\nCon toda la informaci\u00f3n obtenida, junto al diagn\u00f3stico m\u00e9dico, estableceremos un plan y unos objetivos de tratamiento.\n\nEste plan se ir\u00e1 revisando peri\u00f3dicamente.\n\n[\/et_pb_text][et_pb_text _builder_version=\"4.9.0\" text_font=\"Open Sans|600|||||||\" text_text_color=\"#008479\" text_font_size=\"15px\" text_line_height=\"1.8em\" header_font=\"||||||||\"]La neurorehabilitaci\u00f3n consiste en:[\/et_pb_text][et_pb_text _builder_version=\"4.9.0\" text_font=\"Open Sans||||||||\" text_font_size=\"15px\" text_line_height=\"1.8em\" header_font=\"||||||||\"]\n<ul>\n \t<li>Inhibici\u00f3n de la musculatura esp\u00e1stica<\/li>\n \t<li>Movilizaciones articulares<\/li>\n \t<li>Control del tronco<\/li>\n \t<li>Terapia Cognitiva<\/li>\n \t<li>Entrenamiento de Transferencias<\/li>\n \t<li>Ejercicios personalizados<\/li>\n \t<li>Reeducaci\u00f3n de la marcha (ejercicios de equilibrio, apoyo<\/li>\n<\/ul>\n[\/et_pb_text][\/et_pb_column][\/et_pb_row][et_pb_row admin_label=\"Row\" _builder_version=\"3.25\" custom_padding=\"|||\"][et_pb_column type=\"4_4\" _builder_version=\"3.25\" custom_padding=\"|||\" custom_padding__hover=\"|||\"][et_pb_text _builder_version=\"4.9.0\" text_font=\"Open Sans||||||||\" text_font_size=\"15px\" text_line_height=\"1.8em\" header_font=\"||||||||\"]\n\nUtilizamos diferentes t\u00e9cnicas: Concepto Bobath, Modelo Affolter, Estimulaci\u00f3n Basal, Ejercicio Terap\u00e9utico Cognoscitivo (Perfetti), T\u00e9cnicas neurodin\u00e1micas, T\u00e9cnica Grimaldi, Terapia Manual\u2026\n\n[\/et_pb_text][\/et_pb_column][\/et_pb_row][et_pb_row admin_label=\"Row\" _builder_version=\"4.9.0\" custom_padding=\"0px||||false|false\" global_module=\"866\"][et_pb_column type=\"4_4\" _builder_version=\"3.25\" custom_padding=\"|||\" custom_padding__hover=\"|||\"][et_pb_text _builder_version=\"4.9.0\" text_font=\"Open Sans||||||||\" text_text_color=\"#486066\" text_font_size=\"15px\" text_line_height=\"1.8em\" header_font=\"||||||||\" custom_margin=\"20px||||false|false\"]<i>* La 10\u00aa sesi\u00f3n es gratuita. Caduca a los 6 meses.<\/i>[\/et_pb_text][\/et_pb_column][\/et_pb_row][\/et_pb_section][et_pb_section fb_built=\"1\" admin_label=\"Join Now Call to Action\" _builder_version=\"4.9.0\" background_color=\"#008479\" background_color_gradient_direction=\"221deg\" background_enable_image=\"off\" background_blend=\"multiply\" custom_margin=\"|||\" custom_padding=\"120px|0px|110px|0px||\"][et_pb_row column_structure=\"2_3,1_3\" admin_label=\"Call to Action\" _builder_version=\"3.25\"][et_pb_column type=\"2_3\" _builder_version=\"3.25\" custom_padding=\"|||\" custom_padding__hover=\"|||\"][et_pb_text _builder_version=\"4.9.0\" text_font=\"Poppins||||||||\" text_text_color=\"#FFFFFF\" text_font_size=\"18px\" text_line_height=\"1.8em\" header_font=\"||||||||\" header_text_color=\"#FFFFFF\" header_font_size=\"24px\" header_3_font=\"Poppins|600|||||||\" header_3_text_color=\"#FFFFFF\" header_3_font_size=\"36px\" header_3_line_height=\"1.4em\" background_layout=\"dark\" custom_margin=\"|||\"]\n<h3>\u00bfEst\u00e1s interesad@?<\/h3>\nNuestro horario es de Lunes a Viernes (no festivos) de 09:00h a 13:00h y de 16:00h a 20:00h.\n\n[\/et_pb_text][\/et_pb_column][et_pb_column type=\"1_3\" _builder_version=\"3.25\" custom_padding=\"|||\" custom_padding__hover=\"|||\"][et_pb_button button_url=\"@ET-DC@eyJkeW5hbWljIjp0cnVlLCJjb250ZW50IjoicG9zdF9saW5rX3VybF9wYWdlIiwic2V0dGluZ3MiOnsicG9zdF9pZCI6IjExMCJ9fQ==@\" button_text=\"RESERVAR CITA\" _builder_version=\"4.9.0\" _dynamic_attributes=\"button_url\" custom_button=\"on\" button_text_size=\"14px\" button_text_color=\"#008479\" button_bg_color=\"#FFFFFF\" button_border_width=\"0px\" button_border_radius=\"100px\" button_font=\"Poppins|600||on|||||\" background_layout=\"dark\" custom_margin=\"3vw||||false|false\" custom_padding=\"12px|36px|12px|36px\" box_shadow_style=\"preset1\" box_shadow_blur=\"16px\" box_shadow_color=\"rgba(0,0,0,0.16)\" button_letter_spacing_hover=\"0\" locked=\"off\" button_text_size__hover_enabled=\"off\" button_one_text_size__hover_enabled=\"off\" button_two_text_size__hover_enabled=\"off\" button_text_color__hover_enabled=\"off\" button_one_text_color__hover_enabled=\"off\" button_two_text_color__hover_enabled=\"off\" button_border_width__hover_enabled=\"off\" button_one_border_width__hover_enabled=\"off\" button_two_border_width__hover_enabled=\"off\" button_border_color__hover_enabled=\"off\" button_one_border_color__hover_enabled=\"off\" button_two_border_color__hover_enabled=\"off\" button_border_radius__hover_enabled=\"off\" button_one_border_radius__hover_enabled=\"off\" button_two_border_radius__hover_enabled=\"off\" button_letter_spacing__hover_enabled=\"on\" button_letter_spacing__hover=\"0\" button_one_letter_spacing__hover_enabled=\"off\" button_two_letter_spacing__hover_enabled=\"off\" button_bg_color__hover_enabled=\"off\" button_one_bg_color__hover_enabled=\"off\" button_two_bg_color__hover_enabled=\"off\"][\/et_pb_button][\/et_pb_column][\/et_pb_row][\/et_pb_section]","_et_gb_content_width":"","footnotes":""},"class_list":["post-1285","page","type-page","status-publish","hentry"],"aioseo_notices":[],"_links":{"self":[{"href":"https:\/\/fisiolistic.com\/en\/wp-json\/wp\/v2\/pages\/1285","targetHints":{"allow":["GET"]}}],"collection":[{"href":"https:\/\/fisiolistic.com\/en\/wp-json\/wp\/v2\/pages"}],"about":[{"href":"https:\/\/fisiolistic.com\/en\/wp-json\/wp\/v2\/types\/page"}],"author":[{"embeddable":true,"href":"https:\/\/fisiolistic.com\/en\/wp-json\/wp\/v2\/users\/1"}],"replies":[{"embeddable":true,"href":"https:\/\/fisiolistic.com\/en\/wp-json\/wp\/v2\/comments?post=1285"}],"version-history":[{"count":5,"href":"https:\/\/fisiolistic.com\/en\/wp-json\/wp\/v2\/pages\/1285\/revisions"}],"predecessor-version":[{"id":1828,"href":"https:\/\/fisiolistic.com\/en\/wp-json\/wp\/v2\/pages\/1285\/revisions\/1828"}],"wp:attachment":[{"href":"https:\/\/fisiolistic.com\/en\/wp-json\/wp\/v2\/media?parent=1285"}],"curies":[{"name":"wp","href":"https:\/\/api.w.org\/{rel}","templated":true}]}}